{"id":133,"date":"2017-11-08T20:42:46","date_gmt":"2017-11-08T19:42:46","guid":{"rendered":"http:\/\/www.burgenlandski.net\/wordpress\/?page_id=133"},"modified":"2018-05-18T15:21:51","modified_gmt":"2018-05-18T13:21:51","slug":"kontakt","status":"publish","type":"page","link":"http:\/\/www.burgenlandski.net\/wordpress\/kontakt\/","title":{"rendered":"Kontakt"},"content":{"rendered":"\t\t<div data-elementor-type=\"wp-page\" data-elementor-id=\"133\" class=\"elementor elementor-133 elementor-bc-flex-widget\" data-elementor-settings=\"[]\">\n\t\t\t\t\t\t<div class=\"elementor-inner\">\n\t\t\t\t\t\t\t<div class=\"elementor-section-wrap\">\n\t\t\t\t\t\t\t<section class=\"elementor-section elementor-top-section elementor-element elementor-element-9a25717 elementor-section-boxed elementor-section-height-default elementor-section-height-default\" data-id=\"9a25717\" data-element_type=\"section\">\n\t\t\t\t\t\t<div class=\"elementor-container elementor-column-gap-default\">\n\t\t\t\t\t\t\t<div class=\"elementor-row\">\n\t\t\t\t\t<div class=\"elementor-column elementor-col-100 elementor-top-column elementor-element elementor-element-4732c19\" data-id=\"4732c19\" data-element_type=\"column\">\n\t\t\t<div class=\"elementor-column-wrap elementor-element-populated\">\n\t\t\t\t\t\t\t<div class=\"elementor-widget-wrap\">\n\t\t\t\t\t\t<div class=\"elementor-element elementor-element-6d96baa elementor-widget elementor-widget-heading\" data-id=\"6d96baa\" data-element_type=\"widget\" data-widget_type=\"heading.default\">\n\t\t\t\t<div class=\"elementor-widget-container\">\n\t\t\t<h2 class=\"elementor-heading-title elementor-size-default\">So k\u00f6nnen Sie uns erreichen<\/h2>\t\t<\/div>\n\t\t\t\t<\/div>\n\t\t\t\t\t\t<\/div>\n\t\t\t\t\t<\/div>\n\t\t<\/div>\n\t\t\t\t\t\t\t\t<\/div>\n\t\t\t\t\t<\/div>\n\t\t<\/section>\n\t\t\t\t<section class=\"elementor-section elementor-top-section elementor-element elementor-element-6f617178 elementor-section-full_width elementor-section-height-default elementor-section-height-default\" data-id=\"6f617178\" data-element_type=\"section\">\n\t\t\t\t\t\t<div class=\"elementor-container elementor-column-gap-no\">\n\t\t\t\t\t\t\t<div class=\"elementor-row\">\n\t\t\t\t\t<div class=\"elementor-column elementor-col-100 elementor-top-column elementor-element elementor-element-4df1275\" data-id=\"4df1275\" data-element_type=\"column\">\n\t\t\t<div class=\"elementor-column-wrap elementor-element-populated\">\n\t\t\t\t\t\t\t<div class=\"elementor-widget-wrap\">\n\t\t\t\t\t\t<div class=\"elementor-element elementor-element-dee3fb6 elementor-widget elementor-widget-google_maps\" data-id=\"dee3fb6\" data-element_type=\"widget\" data-widget_type=\"google_maps.default\">\n\t\t\t\t<div class=\"elementor-widget-container\">\n\t\t\t\t\t<div class=\"elementor-custom-embed\">\n\t\t\t<iframe frameborder=\"0\" scrolling=\"no\" marginheight=\"0\" marginwidth=\"0\"\n\t\t\t\t\tsrc=\"https:\/\/maps.google.com\/maps?q=Steinamangerer%20Stra%C3%9Fe%207a%2C%207400%20Oberwart&#038;t=m&#038;z=11&#038;output=embed&#038;iwloc=near\"\n\t\t\t\t\ttitle=\"Steinamangerer Stra\u00dfe 7a, 7400 Oberwart\"\n\t\t\t\t\taria-label=\"Steinamangerer Stra\u00dfe 7a, 7400 Oberwart\"\n\t\t\t><\/iframe>\n\t\t<\/div>\n\t\t\t\t<\/div>\n\t\t\t\t<\/div>\n\t\t\t\t\t\t<\/div>\n\t\t\t\t\t<\/div>\n\t\t<\/div>\n\t\t\t\t\t\t\t\t<\/div>\n\t\t\t\t\t<\/div>\n\t\t<\/section>\n\t\t\t\t<section class=\"elementor-section elementor-top-section elementor-element elementor-element-1c68ce81 elementor-section-boxed elementor-section-height-default elementor-section-height-default\" data-id=\"1c68ce81\" data-element_type=\"section\">\n\t\t\t\t\t\t<div class=\"elementor-container elementor-column-gap-default\">\n\t\t\t\t\t\t\t<div class=\"elementor-row\">\n\t\t\t\t\t<div class=\"elementor-column elementor-col-66 elementor-top-column elementor-element elementor-element-187c19f3\" data-id=\"187c19f3\" data-element_type=\"column\">\n\t\t\t<div class=\"elementor-column-wrap elementor-element-populated\">\n\t\t\t\t\t\t\t<div class=\"elementor-widget-wrap\">\n\t\t\t\t\t\t<div class=\"elementor-element elementor-element-894a7dd elementor-widget elementor-widget-text-editor\" data-id=\"894a7dd\" data-element_type=\"widget\" data-widget_type=\"text-editor.default\">\n\t\t\t\t<div class=\"elementor-widget-container\">\n\t\t\t\t\t\t\t\t<div class=\"elementor-text-editor elementor-clearfix\">\n\t\t\t\t<p><span style=\"color: #000000;\"><strong>Burgenl\u00e4ndischer Skiverband<\/strong><\/span><br \/><span style=\"color: #000000;\"> Steinamangerer Stra\u00dfe 7a<\/span><br \/><span style=\"color: #000000;\"> 7400 Oberwart<\/span><\/p>\t\t\t\t\t<\/div>\n\t\t\t\t\t\t<\/div>\n\t\t\t\t<\/div>\n\t\t\t\t\t\t<\/div>\n\t\t\t\t\t<\/div>\n\t\t<\/div>\n\t\t\t\t<div class=\"elementor-column elementor-col-33 elementor-top-column elementor-element elementor-element-481c508d\" data-id=\"481c508d\" data-element_type=\"column\">\n\t\t\t<div class=\"elementor-column-wrap elementor-element-populated\">\n\t\t\t\t\t\t\t<div class=\"elementor-widget-wrap\">\n\t\t\t\t\t\t<div class=\"elementor-element elementor-element-baeab7c elementor-widget elementor-widget-text-editor\" data-id=\"baeab7c\" data-element_type=\"widget\" data-widget_type=\"text-editor.default\">\n\t\t\t\t<div class=\"elementor-widget-container\">\n\t\t\t\t\t\t\t\t<div class=\"elementor-text-editor elementor-clearfix\">\n\t\t\t\t<p><span style=\"color: #000000;\"><strong>Tel.:<\/strong> +43 3352 32255 0<\/span><br \/><span style=\"color: #000000;\"> <strong>E-Mail:\u00a0<\/strong><span id=\"cloak93778\">&#x6f;f&#x66;&#105;c&#x65;&#64;&#x62;&#117;r&#x67;e&#x6e;&#108;a&#x6e;d&#x73;&#x6b;i&#x2e;&#110;e&#x74;<\/span><\/span><\/p>\t\t\t\t\t<\/div>\n\t\t\t\t\t\t<\/div>\n\t\t\t\t<\/div>\n\t\t\t\t\t\t<\/div>\n\t\t\t\t\t<\/div>\n\t\t<\/div>\n\t\t\t\t\t\t\t\t<\/div>\n\t\t\t\t\t<\/div>\n\t\t<\/section>\n\t\t\t\t\t\t<\/div>\n\t\t\t\t\t\t<\/div>\n\t\t\t\t\t<\/div>\n\t\t","protected":false},"excerpt":{"rendered":"<p>So k\u00f6nnen Sie uns erreichen Burgenl\u00e4ndischer Skiverband Steinamangerer Stra\u00dfe 7a 7400 Oberwart Tel.: +43 3352 32255 0 E-Mail:\u00a0&#x6f;f&#x66;&#105;c&#x65;&#64;&#x62;&#117;r&#x67;e&#x6e;&#108;a&#x6e;d&#x73;&#x6b;i&#x2e;&#110;e&#x74;<\/p>\n","protected":false},"author":2,"featured_media":0,"parent":0,"menu_order":0,"comment_status":"closed","ping_status":"closed","template":"","meta":[],"yoast_head":"<!-- This site is optimized with the Yoast SEO plugin v15.4 - https:\/\/yoast.com\/wordpress\/plugins\/seo\/ -->\n<title>So k\u00f6nnen Sie mit uns jederzeit Kontakt aufnehmen<\/title>\n<meta name=\"description\" content=\"Um bestm\u00f6glich mit uns in Kontakt treten zu k\u00f6nnen, sind wir beinahe immer erreichbar. Unser Sitz befindet sich in der Steinamangerer Stra\u00dfe 7a in 7400 Oberwart und unsere Telefonnummer lautet +43 3352 32255 0 beziehungsweise unsere E-Mail-Adresse office@burgenlandski.net\" \/>\n<meta name=\"robots\" content=\"index, follow, max-snippet:-1, max-image-preview:large, max-video-preview:-1\" \/>\n<link rel=\"canonical\" href=\"http:\/\/www.burgenlandski.net\/wordpress\/kontakt\/\" \/>\n<meta property=\"og:locale\" content=\"de_DE\" \/>\n<meta property=\"og:type\" content=\"article\" \/>\n<meta property=\"og:title\" content=\"So k\u00f6nnen Sie mit uns jederzeit Kontakt aufnehmen\" \/>\n<meta property=\"og:description\" content=\"Um bestm\u00f6glich mit uns in Kontakt treten zu k\u00f6nnen, sind wir beinahe immer erreichbar. Unser Sitz befindet sich in der Steinamangerer Stra\u00dfe 7a in 7400 Oberwart und unsere Telefonnummer lautet +43 3352 32255 0 beziehungsweise unsere E-Mail-Adresse office@burgenlandski.net\" \/>\n<meta property=\"og:url\" content=\"http:\/\/www.burgenlandski.net\/wordpress\/kontakt\/\" \/>\n<meta property=\"og:site_name\" content=\"Ski Burgenland\" \/>\n<meta property=\"article:modified_time\" content=\"2018-05-18T13:21:51+00:00\" \/>\n<meta name=\"twitter:card\" content=\"summary\" \/>\n<meta name=\"twitter:label1\" content=\"Verfasst von\">\n\t<meta name=\"twitter:data1\" content=\"Paul Wagner\">\n\t<meta name=\"twitter:label2\" content=\"Gesch\u00e4tzte Lesezeit\">\n\t<meta name=\"twitter:data2\" content=\"0\u00a0Minuten\">\n<script type=\"application\/ld+json\" class=\"yoast-schema-graph\">{\"@context\":\"https:\/\/schema.org\",\"@graph\":[{\"@type\":\"WebSite\",\"@id\":\"http:\/\/www.burgenlandski.net\/wordpress\/#website\",\"url\":\"http:\/\/www.burgenlandski.net\/wordpress\/\",\"name\":\"Ski Burgenland\",\"description\":\"Der Burgenl\\u00e4ndische Skiverband\",\"potentialAction\":[{\"@type\":\"SearchAction\",\"target\":\"http:\/\/www.burgenlandski.net\/wordpress\/?s={search_term_string}\",\"query-input\":\"required name=search_term_string\"}],\"inLanguage\":\"de\"},{\"@type\":\"WebPage\",\"@id\":\"http:\/\/www.burgenlandski.net\/wordpress\/kontakt\/#webpage\",\"url\":\"http:\/\/www.burgenlandski.net\/wordpress\/kontakt\/\",\"name\":\"So k\\u00f6nnen Sie mit uns jederzeit Kontakt aufnehmen\",\"isPartOf\":{\"@id\":\"http:\/\/www.burgenlandski.net\/wordpress\/#website\"},\"datePublished\":\"2017-11-08T19:42:46+00:00\",\"dateModified\":\"2018-05-18T13:21:51+00:00\",\"description\":\"Um bestm\\u00f6glich mit uns in Kontakt treten zu k\\u00f6nnen, sind wir beinahe immer erreichbar. Unser Sitz befindet sich in der Steinamangerer Stra\\u00dfe 7a in 7400 Oberwart und unsere Telefonnummer lautet +43 3352 32255 0 beziehungsweise unsere E-Mail-Adresse office@burgenlandski.net\",\"inLanguage\":\"de\",\"potentialAction\":[{\"@type\":\"ReadAction\",\"target\":[\"http:\/\/www.burgenlandski.net\/wordpress\/kontakt\/\"]}]}]}<\/script>\n<!-- \/ Yoast SEO plugin. -->","_links":{"self":[{"href":"http:\/\/www.burgenlandski.net\/wordpress\/wp-json\/wp\/v2\/pages\/133"}],"collection":[{"href":"http:\/\/www.burgenlandski.net\/wordpress\/wp-json\/wp\/v2\/pages"}],"about":[{"href":"http:\/\/www.burgenlandski.net\/wordpress\/wp-json\/wp\/v2\/types\/page"}],"author":[{"embeddable":true,"href":"http:\/\/www.burgenlandski.net\/wordpress\/wp-json\/wp\/v2\/users\/2"}],"replies":[{"embeddable":true,"href":"http:\/\/www.burgenlandski.net\/wordpress\/wp-json\/wp\/v2\/comments?post=133"}],"version-history":[{"count":13,"href":"http:\/\/www.burgenlandski.net\/wordpress\/wp-json\/wp\/v2\/pages\/133\/revisions"}],"predecessor-version":[{"id":839,"href":"http:\/\/www.burgenlandski.net\/wordpress\/wp-json\/wp\/v2\/pages\/133\/revisions\/839"}],"wp:attachment":[{"href":"http:\/\/www.burgenlandski.net\/wordpress\/wp-json\/wp\/v2\/media?parent=133"}],"curies":[{"name":"wp","href":"https:\/\/api.w.org\/{rel}","templated":true}]}}