{"id":368,"date":"2018-02-25T15:38:52","date_gmt":"2018-02-25T14:38:52","guid":{"rendered":"http:\/\/www.burgenlandski.net\/wordpress\/?page_id=368"},"modified":"2022-11-18T09:20:02","modified_gmt":"2022-11-18T08:20:02","slug":"vereine","status":"publish","type":"page","link":"http:\/\/www.burgenlandski.net\/wordpress\/verband\/vereine\/","title":{"rendered":"Vereine"},"content":{"rendered":"\t\t<div data-elementor-type=\"wp-page\" data-elementor-id=\"368\" class=\"elementor elementor-368 elementor-bc-flex-widget\" data-elementor-settings=\"[]\">\n\t\t\t\t\t\t<div class=\"elementor-inner\">\n\t\t\t\t\t\t\t<div class=\"elementor-section-wrap\">\n\t\t\t\t\t\t\t<section class=\"elementor-section elementor-top-section elementor-element elementor-element-3561883 elementor-section-boxed elementor-section-height-default elementor-section-height-default\" data-id=\"3561883\" data-element_type=\"section\">\n\t\t\t\t\t\t<div class=\"elementor-container elementor-column-gap-default\">\n\t\t\t\t\t\t\t<div class=\"elementor-row\">\n\t\t\t\t\t<div class=\"elementor-column elementor-col-100 elementor-top-column elementor-element elementor-element-b82b287\" data-id=\"b82b287\" data-element_type=\"column\">\n\t\t\t<div class=\"elementor-column-wrap elementor-element-populated\">\n\t\t\t\t\t\t\t<div class=\"elementor-widget-wrap\">\n\t\t\t\t\t\t<div class=\"elementor-element elementor-element-a50845a elementor-widget elementor-widget-shortcode\" data-id=\"a50845a\" data-element_type=\"widget\" data-widget_type=\"shortcode.default\">\n\t\t\t\t<div class=\"elementor-widget-container\">\n\t\t\t\t\t<div class=\"elementor-shortcode\"><div class=\"tmm tmm_vereine\"><div class=\"tmm_3_columns tmm_wrap tmm_theme_f\"><span class=\"tmm_two_containers_tablet\"><\/span><div class=\"tmm_container\"><div class=\"tmm_member\" style=\"border-top:#333333 solid 5px;\"><div class=\"tmm_textblock\"><div class=\"tmm_names\"><span class=\"tmm_fname\"> <\/span> <span class=\"tmm_lname\">UNION SKICLUB MATTERSBURG<\/span><\/div><div class=\"tmm_job\">Vereins Nr. 9002<\/div><div class=\"tmm_desc\" style=\"text-align:left\"><p>Gerlinde Leitgeb<\/p><p>Hotterweg 2, 7210 Mattersburg<\/p><p>Tel.: 02626\/64451<\/p><p>E-Mail: &#x67;e&#x72;l&#x69;&#110;&#x64;&#x65;.&#x6c;e&#x69;&#116;&#x67;&#101;b&#x40;b&#x69;&#108;&#x64;&#117;n&#x67;s&#x73;e&#x72;&#118;e&#x72;.&#x63;o&#x6d;<\/p><\/div><div class=\"tmm_scblock\"><\/div><\/div><\/div><div class=\"tmm_member\" style=\"border-top:#333333 solid 5px;\"><div class=\"tmm_photo tmm_pic_vereine_1\" style=\"background: url(http:\/\/www.burgenlandski.net\/wordpress\/wp-content\/uploads\/2018\/03\/skiclub-pinkafeld.png); margin-left: auto; margin-right:auto; background-size:cover !important;\"><\/div><div class=\"tmm_textblock\"><div class=\"tmm_names\"><span class=\"tmm_fname\"> <\/span> <span class=\"tmm_lname\">UNION SKICLUB PINKAFELD<\/span><\/div><div class=\"tmm_job\">Vereins Nr. 9004<\/div><div class=\"tmm_desc\" style=\"text-align:left\"><p>Wolfgang Balla<\/p><p>Brauhauswiese 12, 7423 Pinkafeld<\/p><p>Tel.: 06648978853<\/p><p>E-Mail: wo&#108;&#x66;&#x67;&#x61;ng&#98;&#x61;&#x6c;&#x6c;a&#64;&#103;&#x6d;&#x78;&#x2e;at<\/p><p><a href=\"http:\/\/www.uscpinkafeld.at\">www.uscpinkafeld.at<\/a><\/p><\/div><div class=\"tmm_scblock\"><\/div><\/div><\/div><span class=\"tmm_two_containers_tablet\"><\/span><div class=\"tmm_member\" style=\"border-top:#333333 solid 5px;\"><div class=\"tmm_photo tmm_pic_vereine_2\" style=\"background: url(http:\/\/www.burgenlandski.net\/wordpress\/wp-content\/uploads\/2018\/03\/Skiclub-Bad-Tatzmannsdorf.png); margin-left: auto; margin-right:auto; background-size:cover !important;\"><\/div><div class=\"tmm_textblock\"><div class=\"tmm_names\"><span class=\"tmm_fname\"> <\/span> <span class=\"tmm_lname\">SK BAD TATZMANNSDORF<\/span><\/div><div class=\"tmm_job\">Vereins Nr. 9005<\/div><div class=\"tmm_desc\" style=\"text-align:left\"><p>Sandra Rademacher<\/p><p>Feldgasse 7a\/5, 7431 Bad Tatzmannsdorf<\/p><p>Tel.: 0664\/9222158<\/p><p>E-Mail: &#x73;&#x63;&#104;i&#x6b;&#x6c;&#x75;&#98;.&#x62;&#x61;&#x64;&#46;t&#x61;&#x74;&#x7a;&#109;a&#x6e;&#x6e;&#x73;&#100;o&#x72;&#x66;&#x40;&#97;o&#x6e;&#x2e;&#x61;&#116;<\/p><p>www.schiklub-bad-tatzmannsdorf.at<\/p><\/div><div class=\"tmm_scblock\"><\/div><\/div><\/div><\/div><span class=\"tmm_columns_containers_desktop\"><\/span><div class=\"tmm_container\"><div class=\"tmm_member\" style=\"border-top:#333333 solid 5px;\"><div class=\"tmm_textblock\"><div class=\"tmm_names\"><span class=\"tmm_fname\"> <\/span> <span class=\"tmm_lname\">SPORTUNION SKICLUB OBERPULLENDORF<\/span><\/div><div class=\"tmm_job\">Vereins Nr. 9007<\/div><div class=\"tmm_desc\" style=\"text-align:left\"><p>Emmerich Aum\u00fcller<\/p><p>Neugasse 5, 7453 Steinberg-D\u00f6rfl<\/p><p>Tel.: 06641987531<\/p><p>E-Mail: &#106;i&#109;1&#64;g&#x6d;x&#x2e;a&#x74;<\/p><\/div><div class=\"tmm_scblock\"><\/div><\/div><\/div><span class=\"tmm_two_containers_tablet\"><\/span><div class=\"tmm_member\" style=\"border-top:#333333 solid 5px;\"><div class=\"tmm_photo tmm_pic_vereine_4\" style=\"background: url(http:\/\/www.burgenlandski.net\/wordpress\/wp-content\/uploads\/2018\/03\/Forchtenstein.jpg); margin-left: auto; margin-right:auto; background-size:cover !important;\"><\/div><div class=\"tmm_textblock\"><div class=\"tmm_names\"><span class=\"tmm_fname\"> <\/span> <span class=\"tmm_lname\">SC SKICLUB FORCHTENSTEIN<\/span><\/div><div class=\"tmm_job\">Vereins Nr. 9011<\/div><div class=\"tmm_desc\" style=\"text-align:left\"><p>Rainer Wutzlhofer<\/p><p>Hauptstra\u00dfe 123\/2, 7212 Forchtenstein<\/p><p>Tel.: 06509988299<\/p><p>E-Mail: raine&#114;&#46;&#x77;&#x75;&#x74;&#x7a;&#x6c;&#x68;&#x6f;fer&#64;a&#111;&#110;&#46;&#x61;&#x74;<\/p><\/div><div class=\"tmm_scblock\"><\/div><\/div><\/div><div class=\"tmm_member\" style=\"border-top:#333333 solid 5px;\"><div class=\"tmm_photo tmm_pic_vereine_5\" style=\"background: url(http:\/\/www.burgenlandski.net\/wordpress\/wp-content\/uploads\/2018\/03\/SkiKlub_Eisenstadt_farbe.jpg); margin-left: auto; margin-right:auto; background-size:cover !important;\"><\/div><div class=\"tmm_textblock\"><div class=\"tmm_names\"><span class=\"tmm_fname\"> <\/span> <span class=\"tmm_lname\">SKIKLUB EISENSTADT<\/span><\/div><div class=\"tmm_job\">Vereins Nr. 9012<\/div><div class=\"tmm_desc\" style=\"text-align:left\"><p>Thomas Haenlein<\/p><p>Klh.Hauptstra\u00dfe 12, 7000 Eisenstadt<\/p><p>Tel.: 0699\/18326625<\/p><p>E-mail: &#x74;.&#x68;a&#x65;&#110;&#x6c;&#x65;i&#x6e;&#64;&#x67;&#109;&#x78;&#46;a&#x74;<\/p><p><a href=\"http:\/\/www.skiklub-eisenstadt.at\/1001,,,2.html\">www.skiklub-eisenstadt.at<\/a><\/p><\/div><div class=\"tmm_scblock\"><\/div><\/div><\/div><span class=\"tmm_two_containers_tablet\"><\/span><\/div><span class=\"tmm_columns_containers_desktop\"><\/span><div class=\"tmm_container\"><div class=\"tmm_member\" style=\"border-top:#333333 solid 5px;\"><div class=\"tmm_textblock\"><div class=\"tmm_names\"><span class=\"tmm_fname\"> <\/span> <span class=\"tmm_lname\">\u00d6STERR. TOURISTENKLUB SEKTION EISENSTADT<\/span><\/div><div class=\"tmm_job\">Vereins Nr. 9013<\/div><div class=\"tmm_desc\" style=\"text-align:left\"><p>Silvia Krizsanics<\/p><p>J. S. Bach-Gasse 5\/4\/16,&nbsp;7000 Eisenstadt<\/p><p>Tel.: 0699\/11353095<\/p><p>E-Mail: e&#x69;s&#101;&#x6e;s&#116;&#x61;d&#x74;&#x40;o&#x65;t&#107;&#x2e;a&#116;<\/p><\/div><div class=\"tmm_scblock\"><\/div><\/div><\/div><div class=\"tmm_member\" style=\"border-top:#333333 solid 5px;\"><div class=\"tmm_textblock\"><div class=\"tmm_names\"><span class=\"tmm_fname\"> <\/span> <span class=\"tmm_lname\">HSV PINKAFELD<\/span><\/div><div class=\"tmm_job\">Vereins Nr. 9016<\/div><div class=\"tmm_desc\" style=\"text-align:left\"><p>Richard Schuh<\/p><p>Hochart Nr. 104, 7423 Hochart<\/p><p>Tel.: 0664\/3815500<\/p><p>E-Mail: s&#x63;&#x68;u&#104;&#x2e;&#x6c;a&#117;&#x66;1&#64;&#x67;&#x6d;a&#105;&#x6c;.c&#x6f;&#x6d;<\/p><\/div><div class=\"tmm_scblock\"><\/div><\/div><\/div><span class=\"tmm_two_containers_tablet\"><\/span><div class=\"tmm_member\" style=\"border-top:#333333 solid 5px;\"><div class=\"tmm_textblock\"><div class=\"tmm_names\"><span class=\"tmm_fname\"> <\/span> <span class=\"tmm_lname\">UNION P\u00d6TTSCHING SEKTION SKILAUF<\/span><\/div><div class=\"tmm_job\">Vereins Nr. 9020<\/div><div class=\"tmm_desc\" style=\"text-align:left\"><p>Friedrich Treuer<\/p><p>Wr. Neust\u00e4dter Stra\u00dfe 13, 7033 P\u00f6ttsching<\/p><p>Tel.: 0650\/4508929<\/p><\/div><div class=\"tmm_scblock\"><\/div><\/div><\/div><\/div><span class=\"tmm_columns_containers_desktop\"><\/span><div class=\"tmm_container\"><div class=\"tmm_member\" style=\"border-top:#333333 solid 5px;\"><div class=\"tmm_textblock\"><div class=\"tmm_names\"><span class=\"tmm_fname\"> <\/span> <span class=\"tmm_lname\">SKIKLUB WIESEN<\/span><\/div><div class=\"tmm_job\">Vereins Nr. 9021<\/div><div class=\"tmm_desc\" style=\"text-align:left\"><p>Thomas Pint<\/p><p>Am Hauerschl\u00fcssel 10, 7203 Wiesen<\/p><p>Tel.: 0664\/4351640<\/p><p>E-Mail: &#106;&#x65;&#110;&#x6e;&#105;&#x66;&#101;&#x72;&#119;&#x65;&#103;&#x68;&#111;&#x66;&#101;&#x72;&#64;&#x67;&#109;&#x78;&#46;&#x61;&#116;<\/p><\/div><div class=\"tmm_scblock\"><\/div><\/div><\/div><span class=\"tmm_two_containers_tablet\"><\/span><div class=\"tmm_member\" style=\"border-top:#333333 solid 5px;\"><div class=\"tmm_photo tmm_pic_vereine_10\" style=\"background: url(http:\/\/www.burgenlandski.net\/wordpress\/wp-content\/uploads\/2018\/03\/SC_Neud\u00f6rfl.jpg); margin-left: auto; margin-right:auto; background-size:cover !important;\"><\/div><div class=\"tmm_textblock\"><div class=\"tmm_names\"><span class=\"tmm_fname\"> <\/span> <span class=\"tmm_lname\">SCHICLUB NEUD\u00d6RFL<\/span><\/div><div class=\"tmm_job\">Vereins Nr. 9024<\/div><div class=\"tmm_desc\" style=\"text-align:left\"><p>Josef T\u00f6ltl<\/p><p>Uferstra\u00dfe 60, 7201 Neud\u00f6rfl<\/p><p>Tel.: 06642406932<\/p><p>E-Mail: &#106;&#x6f;s&#x65;&#x66;&#46;&#x74;o&#x65;&#x6c;&#116;&#x6c;&#64;&#x67;&#x6d;&#97;&#x69;l&#x2e;&#x63;&#111;&#x6d;<\/p><p><a href=\"http:\/\/www.schiclubneudoerfl.at\">www.schiclubneudoerfl.at<\/a><\/p><\/div><div class=\"tmm_scblock\"><\/div><\/div><\/div><div class=\"tmm_member\" style=\"border-top:#333333 solid 5px;\"><div class=\"tmm_textblock\"><div class=\"tmm_names\"><span class=\"tmm_fname\"> <\/span> <span class=\"tmm_lname\">SKI- UND THEATERVEREIN RATTERSDORF\/LIEBING<\/span><\/div><div class=\"tmm_job\">Vereins Nr. 9029<\/div><div class=\"tmm_desc\" style=\"text-align:left\"><p>Gottfried Brenner<\/p><p>Hauptstra\u00dfe 65, 7443 Liebing<\/p><p>E-Mail: &#103;&#x6f;&#116;&#x74;&#102;&#x72;i&#x65;d&#x2e;b&#x72;e&#x6e;n&#x65;r&#x40;w&#x69;e&#x6e;.&#103;&#x76;&#46;&#x61;&#116;<\/p><\/div><div class=\"tmm_scblock\"><\/div><\/div><\/div><span class=\"tmm_two_containers_tablet\"><\/span><\/div><span class=\"tmm_columns_containers_desktop\"><\/span><div class=\"tmm_container\"><div class=\"tmm_member\" style=\"border-top:#333333 solid 5px;\"><div class=\"tmm_photo tmm_pic_vereine_12\" style=\"background: url(http:\/\/www.burgenlandski.net\/wordpress\/wp-content\/uploads\/2018\/03\/SCRudersdorf.jpg); margin-left: auto; margin-right:auto; background-size:cover !important;\"><\/div><div class=\"tmm_textblock\"><div class=\"tmm_names\"><span class=\"tmm_fname\"> <\/span> <span class=\"tmm_lname\">SKICLUB RUDERSDORF<\/span><\/div><div class=\"tmm_job\">Vereins Nr. 9030<\/div><div class=\"tmm_desc\" style=\"text-align:left\"><p>Fuchs Manfred<\/p><p>Feldgasse 10, 7571 Rudersdorf<\/p><p>Tel.: 0664\/2065659<\/p><p>E-Mail: s&#x6b;&#x69;c&#108;&#x75;b&#46;&#x72;u&#100;&#x65;rs&#x64;&#x6f;r&#x66;&#x40;g&#109;&#x78;.&#97;&#x74;<\/p><\/div><div class=\"tmm_scblock\"><\/div><\/div><\/div><div class=\"tmm_member\" style=\"border-top:#333333 solid 5px;\"><div class=\"tmm_photo tmm_pic_vereine_13\" style=\"background: url(http:\/\/www.burgenlandski.net\/wordpress\/wp-content\/uploads\/2022\/11\/image.png); margin-left: auto; margin-right:auto; background-size:cover !important;\"><\/div><div class=\"tmm_textblock\"><div class=\"tmm_names\"><span class=\"tmm_fname\"> <\/span> <span class=\"tmm_lname\">SKICLUB DREIL\u00c4NDERECK<\/span><\/div><div class=\"tmm_job\">Vereins Nr. 9033<\/div><div class=\"tmm_desc\" style=\"text-align:left\"><p>Bernd Varga<\/p><p>Rohrbachgasse 11, 7422 Riedlingsdorf<\/p><p>Tel.: 0664\/9682412<\/p><p>E-Mail: sc&#45;&#x64;&#x72;eil&#97;&#x65;&#x6e;der&#101;&#x63;&#x6b;&#64;g&#109;&#x78;&#x2e;&#x61;t<\/p><\/div><div class=\"tmm_scblock\"><\/div><\/div><\/div><span class=\"tmm_two_containers_tablet\"><\/span><div class=\"tmm_member\" style=\"border-top:#333333 solid 5px;\"><div class=\"tmm_photo tmm_pic_vereine_14\" style=\"background: url(http:\/\/www.burgenlandski.net\/wordpress\/wp-content\/uploads\/2018\/03\/SchiclubStegersbach.jpg); margin-left: auto; margin-right:auto; background-size:cover !important;\"><\/div><div class=\"tmm_textblock\"><div class=\"tmm_names\"><span class=\"tmm_fname\"> <\/span> <span class=\"tmm_lname\">UNION SKICLUB STEGERSBACH<\/span><\/div><div class=\"tmm_job\">Vereins Nr. 9036<\/div><div class=\"tmm_desc\" style=\"text-align:left\"><p>Richard Senninger<\/p><p>Korn\u00e4ckerweg 1, 7551 Stegersbach<\/p><p>Tel.: 0664\/8488800<\/p><p>E-Mail: l&#x69;&#x66;e&#64;&#x73;t&#101;&#x67;e&#114;&#x73;ba&#x63;&#x68;.&#x61;&#x74;<\/p><\/div><div class=\"tmm_scblock\"><\/div><\/div><\/div><\/div><span class=\"tmm_columns_containers_desktop\"><\/span><div class=\"tmm_container\"><div class=\"tmm_member\" style=\"border-top:#333333 solid 5px;\"><div class=\"tmm_photo tmm_pic_vereine_15\" style=\"background: url(http:\/\/www.burgenlandski.net\/wordpress\/wp-content\/uploads\/2018\/03\/Deutsch_Kaltebrunn.jpg); margin-left: auto; margin-right:auto; background-size:cover !important;\"><\/div><div class=\"tmm_textblock\"><div class=\"tmm_names\"><span class=\"tmm_fname\"> <\/span> <span class=\"tmm_lname\">SPORT- UND KULTURVEREIN DEUTSCH KALTENBRUNN \u2013 SEKTION SKI<\/span><\/div><div class=\"tmm_job\">Vereins Nr. 9037<\/div><div class=\"tmm_desc\" style=\"text-align:left\"><p>Gerald Ruckenbauer<\/p><p>Nepomukgasse 33a\/10, 8045 Graz<\/p><p>Tel.: 0676\/3634117<\/p><p>E-Mail: &#103;&#x65;&#114;&#x61;&#108;&#x64;&#46;&#x72;&#117;&#x63;&#107;&#x65;&#110;&#x62;&#97;&#x75;&#101;&#x72;&#64;&#x61;&#111;&#x6e;&#46;&#x61;&#116;<\/p><p><a href=\"http:\/\/www.skv-dk.at\">www.skv-dk.at<\/a><\/p><\/div><div class=\"tmm_scblock\"><\/div><\/div><\/div><span class=\"tmm_two_containers_tablet\"><\/span><div class=\"tmm_member\" style=\"border-top:#333333 solid 5px;\"><div class=\"tmm_textblock\"><div class=\"tmm_names\"><span class=\"tmm_fname\"> <\/span> <span class=\"tmm_lname\">UNION SKICLUB G\u00dcSSING<\/span><\/div><div class=\"tmm_job\">Vereins Nr. 9038<\/div><div class=\"tmm_desc\" style=\"text-align:left\"><p>J\u00fcrgen Szerencsits<\/p><p>Hauptstra\u00dfe 22, 7540 G\u00fcssing<\/p><p>Tel.: 0664\/242469<\/p><p>E-Mail: &#x73;&#101;r&#x69;&#x2e;j&#64;&#x62;&#x6e;et&#x2e;&#97;t<\/p><\/div><div class=\"tmm_scblock\"><\/div><\/div><\/div><div class=\"tmm_member\" style=\"border-top:#333333 solid 5px;\"><div class=\"tmm_textblock\"><div class=\"tmm_names\"><span class=\"tmm_fname\"> <\/span> <span class=\"tmm_lname\">SPORTJUGEND HOCHART \u2013 SEKTION SKI<\/span><\/div><div class=\"tmm_job\">Vereins Nr. 9039<\/div><div class=\"tmm_desc\" style=\"text-align:left\"><p>Claudia Reithmeier<\/p><p>Hochart Nr. 130, 7423 Hochart<\/p><p>Tel.: 0664\/5482710<\/p><p>E-Mail: &#99;&#x6c;a&#x75;d&#x69;a&#46;&#x72;e&#x69;t&#x68;m&#101;&#x69;e&#x72;&#64;&#x61;o&#110;&#x2e;a&#x74;<\/p><\/div><div class=\"tmm_scblock\"><\/div><\/div><\/div><span class=\"tmm_two_containers_tablet\"><\/span><\/div><span class=\"tmm_columns_containers_desktop\"><\/span><div class=\"tmm_container\"><div class=\"tmm_member\" style=\"border-top:#333333 solid 5px;\"><div class=\"tmm_textblock\"><div class=\"tmm_names\"><span class=\"tmm_fname\"> <\/span> <span class=\"tmm_lname\">SKI- U. WANDERCLUB KUKMIRN<\/span><\/div><div class=\"tmm_job\">Vereins Nr. 9040<\/div><div class=\"tmm_desc\" style=\"text-align:left\"><p>Rudolf Mirth<\/p><p>Ungerberg 4, 7543 Kukmirn<\/p><p>Tel.: 0664\/4834795<\/p><p>E-Mail: ru&#100;&#x69;&#x2e;&#x6d;&#x69;rt&#104;&#64;&#x67;&#x6d;&#x78;.at<\/p><p><a href=\"http:\/\/www.swc-kukmirn.com\">www.swc-kukmirn.com<\/a><\/p><\/div><div class=\"tmm_scblock\"><\/div><\/div><\/div><div class=\"tmm_member\" style=\"border-top:#333333 solid 5px;\"><div class=\"tmm_photo tmm_pic_vereine_19\" style=\"background: url(http:\/\/www.burgenlandski.net\/wordpress\/wp-content\/uploads\/2019\/04\/LOGO-SCG-verkleinert.jpg); margin-left: auto; margin-right:auto; background-size:cover !important;\"><\/div><div class=\"tmm_textblock\"><div class=\"tmm_names\"><span class=\"tmm_fname\"> <\/span> <span class=\"tmm_lname\">SPORTCLUB GRAFENSCHACHEN \u2013 SEKTION SKI<\/span><\/div><div class=\"tmm_job\">Vereins Nr. 9041<\/div><div class=\"tmm_desc\" style=\"text-align:left\"><p>Koller Karl Heinz<\/p><p>Grafenschachen Nr. 330, 7423 Grafenschachen<\/p><p>Tel.: 0650\/4147477<\/p><\/div><div class=\"tmm_scblock\"><\/div><\/div><\/div><span class=\"tmm_two_containers_tablet\"><\/span><div class=\"tmm_member\" style=\"border-top:#333333 solid 5px;\"><div class=\"tmm_textblock\"><div class=\"tmm_names\"><span class=\"tmm_fname\"> <\/span> <span class=\"tmm_lname\">FUNSPORTCLUB 3X6=18<\/span><\/div><div class=\"tmm_job\">Vereins Nr. 9049<\/div><div class=\"tmm_desc\" style=\"text-align:left\"><p>Christoph Kuh<\/p><p>Millergasse 20\/3, 1060 Wien<\/p><p>Tel.: 0676\/9632060<\/p><p>E-Mail: &#x63;&#x68;ri&#x73;&#x74;&#111;ph&#x2e;&#x6b;&#117;h&#64;&#x66;&#x75;&#110;sp&#x6f;&#x72;tc&#x6c;&#x75;&#98;.c&#x6f;&#x6d;<\/p><\/div><div class=\"tmm_scblock\"><\/div><\/div><\/div><\/div><span class=\"tmm_columns_containers_desktop\"><\/span><div class=\"tmm_container\"><div class=\"tmm_member\" style=\"border-top:#333333 solid 5px;\"><div class=\"tmm_photo tmm_pic_vereine_21\" style=\"background: url(http:\/\/www.burgenlandski.net\/wordpress\/wp-content\/uploads\/2018\/03\/SZR_Schizentrum_Rettenbach_Logo.jpg); margin-left: auto; margin-right:auto; background-size:cover !important;\"><\/div><div class=\"tmm_textblock\"><div class=\"tmm_names\"><span class=\"tmm_fname\"> <\/span> <span class=\"tmm_lname\">SCHIZENTRUM RETTENBACH<\/span><\/div><div class=\"tmm_job\">Vereins Nr. 9051<\/div><div class=\"tmm_desc\" style=\"text-align:left\"><p>Christian Zumpf<\/p><p>Rettenbach Nr. 128, 7434 Rettenbach<\/p><p>Tel.:0664\/4112591<\/p><p>E-Mail: &#x69;&#x6e;&#102;o&#64;&#x73;&#x7a;&#45;re&#x74;&#x74;&#101;nb&#x61;&#x63;&#x68;.at<\/p><p><a href=\"http:\/\/www.sz-rettenbach.at\">www.sz-rettenbach.at<\/a><\/p><\/div><div class=\"tmm_scblock\"><\/div><\/div><\/div><span class=\"tmm_two_containers_tablet\"><\/span><div class=\"tmm_member\" style=\"border-top:#333333 solid 5px;\"><div class=\"tmm_photo tmm_pic_vereine_22\" style=\"background: url(http:\/\/www.burgenlandski.net\/wordpress\/wp-content\/uploads\/2018\/03\/Logo_Schiclub_OW.jpg); margin-left: auto; margin-right:auto; background-size:cover !important;\"><\/div><div class=\"tmm_textblock\"><div class=\"tmm_names\"><span class=\"tmm_fname\"> <\/span> <span class=\"tmm_lname\">UNION SCHICLUB OBERWART<\/span><\/div><div class=\"tmm_job\">Vereins Nr. 9054<\/div><div class=\"tmm_desc\" style=\"text-align:left\"><p>Ute Wagner<\/p><p>Steinamangererstra\u00dfe 36, 7400 Oberwart<\/p><p>Tel.: 0664\/2110131<\/p><p>E-Mail: &#x75;&#115;co&#x40;&#x67;mx&#x2e;&#x61;t<\/p><p>https:\/\/uscoberwart.wixsite.com\/home<\/p><\/div><div class=\"tmm_scblock\"><\/div><\/div><\/div><div class=\"tmm_member\" style=\"border-top:#333333 solid 5px;\"><div class=\"tmm_textblock\"><div class=\"tmm_names\"><span class=\"tmm_fname\"> <\/span> <span class=\"tmm_lname\">SKICLUB NEUSIEDL AM SEE<\/span><\/div><div class=\"tmm_job\">Vereins Nr. 9055<\/div><div class=\"tmm_desc\" style=\"text-align:left\"><p>Gerald Richter<\/p><p>Reitschacher Siedlung 36\/6, 7100 Neusiedl\/See<\/p><p>Tel.: 0699\/14614229<\/p><p>E-Mail: &#x67;&#x65;&#x72;&#x61;&#x6c;&#100;&#46;richt&#x65;&#x72;&#x40;&#x72;&#x69;&#x63;&#104;&#116;er-s&#x6f;&#x6c;&#x75;&#x74;&#x69;&#x6f;&#110;&#115;.com<\/p><\/div><div class=\"tmm_scblock\"><\/div><\/div><\/div><span class=\"tmm_two_containers_tablet\"><\/span><\/div><span class=\"tmm_columns_containers_desktop\"><\/span><div class=\"tmm_container\"><div class=\"tmm_member\" style=\"border-top:#333333 solid 5px;\"><div class=\"tmm_photo tmm_pic_vereine_24\" style=\"background: url(http:\/\/www.burgenlandski.net\/wordpress\/wp-content\/uploads\/2018\/03\/Grosspetersdorf.png); margin-left: auto; margin-right:auto; background-size:cover !important;\"><\/div><div class=\"tmm_textblock\"><div class=\"tmm_names\"><span class=\"tmm_fname\"> <\/span> <span class=\"tmm_lname\">SKICLUB GROSSPETERSDORF<\/span><\/div><div class=\"tmm_job\">Vereins Nr. 9057<\/div><div class=\"tmm_desc\" style=\"text-align:left\"><p>Bernd Frey<\/p><p>Weinleitenweg 9, 7503 Gro\u00dfpetersdorf<\/p><p>Tel.: 0699\/17154766<\/p><p>E-Mail: &#x73;&#99;g&#x40;&#x73;ki&#x2d;&#x67;ro&#x73;&#115;p&#x65;&#x74;&#101;r&#x73;&#x64;or&#x66;&#46;a&#x74;<\/p><p><a href=\"http:\/\/www.ski-grosspetersdorf.at\">www.ski-grosspetersdorf.at<\/a><\/p><\/div><div class=\"tmm_scblock\"><\/div><\/div><\/div><div class=\"tmm_member\" style=\"border-top:#333333 solid 5px;\"><div class=\"tmm_photo tmm_pic_vereine_25\" style=\"background: url(http:\/\/www.burgenlandski.net\/wordpress\/wp-content\/uploads\/2018\/03\/logo-schiclub-Burg.jpg); margin-left: auto; margin-right:auto; background-size:cover !important;\"><\/div><div class=\"tmm_textblock\"><div class=\"tmm_names\"><span class=\"tmm_fname\">   <\/span> <span class=\"tmm_lname\">SCHICLUB BURG<\/span><\/div><div class=\"tmm_job\">Vereins Nr. 9056<\/div><div class=\"tmm_desc\" style=\"text-align:left\"><p><span style=\"font-family: Calibri\">Obmann Muhr Norbert<\/span><\/p><p><span style=\"font-family: Calibri\">7473 Hannersdorf 233<\/span><\/p><p><span style=\"font-family: Calibri\">Tel.: 0664\/916 11 90<\/span><\/p><p>E-mail: <a>schi&#99;&#108;&#x75;&#x62;&#x2e;&#x62;&#x75;&#x72;g&#64;gmx&#46;&#97;&#x74;<\/a><\/p><\/div><div class=\"tmm_scblock\"><\/div><\/div><\/div><span class=\"tmm_two_containers_tablet\"><\/span><div class=\"tmm_member\" style=\"border-top:#333333 solid 5px;\"><div class=\"tmm_textblock\"><div class=\"tmm_names\"><span class=\"tmm_fname\">     <\/span> <span class=\"tmm_lname\">Sports of HOPE<\/span><\/div><div class=\"tmm_job\">Vereins Nr. 9058<\/div><div class=\"tmm_desc\" style=\"text-align:left\"><p><span style=\"font-family: Calibri\">Obmann G\u00f6lles Christian<\/span><\/p><p><span style=\"font-family: Calibri\">7501 Rotenturm, Gartengasse 12\/3<\/span><\/p><p><span style=\"font-family: Calibri\">Tel.: 0664\/844 91 03<\/span><\/p><p>E-mail: <a>&#x63;&#x68;&#x72;&#x69;&#x73;&#x74;&#105;&#97;n.goel&#x6c;&#x65;&#x73;&#x40;&#x67;&#x6d;&#120;&#46;at<\/a><\/p><\/div><div class=\"tmm_scblock\"><\/div><\/div><\/div><div style=\"clear:both;\"><\/div><\/div><\/div><\/div><\/div>\n\t\t\t\t<\/div>\n\t\t\t\t<\/div>\n\t\t\t\t\t\t<\/div>\n\t\t\t\t\t<\/div>\n\t\t<\/div>\n\t\t\t\t\t\t\t\t<\/div>\n\t\t\t\t\t<\/div>\n\t\t<\/section>\n\t\t\t\t\t\t<\/div>\n\t\t\t\t\t\t<\/div>\n\t\t\t\t\t<\/div>\n\t\t","protected":false},"excerpt":{"rendered":"","protected":false},"author":2,"featured_media":0,"parent":50,"menu_order":0,"comment_status":"closed","ping_status":"closed","template":"","meta":[],"yoast_head":"<!-- This site is optimized with the Yoast SEO plugin v15.4 - https:\/\/yoast.com\/wordpress\/plugins\/seo\/ -->\n<title>\u00dcbersicht \u00fcber die Vereine des Burgenl\u00e4ndischen Skiverbandes<\/title>\n<meta name=\"description\" content=\"Der Burgenl\u00e4ndische Skiverband gliedert sich in \u00fcber 30 verschieden Untervereine, die in verschiedenen Bereichen, beispielsweise Alpin, Snowboard und Nordisch und nat\u00fcrlich Grasski, t\u00e4tig sind und auch einen sehr wichtigen Beitrag zum Breitensport leisten.\" \/>\n<meta name=\"robots\" content=\"index, follow, max-snippet:-1, max-image-preview:large, max-video-preview:-1\" \/>\n<link rel=\"canonical\" href=\"http:\/\/www.burgenlandski.net\/wordpress\/verband\/vereine\/\" \/>\n<meta property=\"og:locale\" content=\"de_DE\" \/>\n<meta property=\"og:type\" content=\"article\" \/>\n<meta property=\"og:title\" content=\"\u00dcbersicht \u00fcber die Vereine des Burgenl\u00e4ndischen Skiverbandes\" \/>\n<meta property=\"og:description\" content=\"Der Burgenl\u00e4ndische Skiverband gliedert sich in \u00fcber 30 verschieden Untervereine, die in verschiedenen Bereichen, beispielsweise Alpin, Snowboard und Nordisch und nat\u00fcrlich Grasski, t\u00e4tig sind und auch einen sehr wichtigen Beitrag zum Breitensport leisten.\" \/>\n<meta property=\"og:url\" content=\"http:\/\/www.burgenlandski.net\/wordpress\/verband\/vereine\/\" \/>\n<meta property=\"og:site_name\" content=\"Ski Burgenland\" \/>\n<meta property=\"article:modified_time\" content=\"2022-11-18T08:20:02+00:00\" \/>\n<meta name=\"twitter:card\" content=\"summary\" \/>\n<meta name=\"twitter:label1\" content=\"Verfasst von\">\n\t<meta name=\"twitter:data1\" content=\"Paul Wagner\">\n\t<meta name=\"twitter:label2\" content=\"Gesch\u00e4tzte Lesezeit\">\n\t<meta name=\"twitter:data2\" content=\"0\u00a0Minuten\">\n<script type=\"application\/ld+json\" class=\"yoast-schema-graph\">{\"@context\":\"https:\/\/schema.org\",\"@graph\":[{\"@type\":\"WebSite\",\"@id\":\"http:\/\/www.burgenlandski.net\/wordpress\/#website\",\"url\":\"http:\/\/www.burgenlandski.net\/wordpress\/\",\"name\":\"Ski Burgenland\",\"description\":\"Der Burgenl\\u00e4ndische Skiverband\",\"potentialAction\":[{\"@type\":\"SearchAction\",\"target\":\"http:\/\/www.burgenlandski.net\/wordpress\/?s={search_term_string}\",\"query-input\":\"required name=search_term_string\"}],\"inLanguage\":\"de\"},{\"@type\":\"WebPage\",\"@id\":\"http:\/\/www.burgenlandski.net\/wordpress\/verband\/vereine\/#webpage\",\"url\":\"http:\/\/www.burgenlandski.net\/wordpress\/verband\/vereine\/\",\"name\":\"\\u00dcbersicht \\u00fcber die Vereine des Burgenl\\u00e4ndischen Skiverbandes\",\"isPartOf\":{\"@id\":\"http:\/\/www.burgenlandski.net\/wordpress\/#website\"},\"datePublished\":\"2018-02-25T14:38:52+00:00\",\"dateModified\":\"2022-11-18T08:20:02+00:00\",\"description\":\"Der Burgenl\\u00e4ndische Skiverband gliedert sich in \\u00fcber 30 verschieden Untervereine, die in verschiedenen Bereichen, beispielsweise Alpin, Snowboard und Nordisch und nat\\u00fcrlich Grasski, t\\u00e4tig sind und auch einen sehr wichtigen Beitrag zum Breitensport leisten.\",\"inLanguage\":\"de\",\"potentialAction\":[{\"@type\":\"ReadAction\",\"target\":[\"http:\/\/www.burgenlandski.net\/wordpress\/verband\/vereine\/\"]}]}]}<\/script>\n<!-- \/ Yoast SEO plugin. -->","_links":{"self":[{"href":"http:\/\/www.burgenlandski.net\/wordpress\/wp-json\/wp\/v2\/pages\/368"}],"collection":[{"href":"http:\/\/www.burgenlandski.net\/wordpress\/wp-json\/wp\/v2\/pages"}],"about":[{"href":"http:\/\/www.burgenlandski.net\/wordpress\/wp-json\/wp\/v2\/types\/page"}],"author":[{"embeddable":true,"href":"http:\/\/www.burgenlandski.net\/wordpress\/wp-json\/wp\/v2\/users\/2"}],"replies":[{"embeddable":true,"href":"http:\/\/www.burgenlandski.net\/wordpress\/wp-json\/wp\/v2\/comments?post=368"}],"version-history":[{"count":4,"href":"http:\/\/www.burgenlandski.net\/wordpress\/wp-json\/wp\/v2\/pages\/368\/revisions"}],"predecessor-version":[{"id":549,"href":"http:\/\/www.burgenlandski.net\/wordpress\/wp-json\/wp\/v2\/pages\/368\/revisions\/549"}],"up":[{"embeddable":true,"href":"http:\/\/www.burgenlandski.net\/wordpress\/wp-json\/wp\/v2\/pages\/50"}],"wp:attachment":[{"href":"http:\/\/www.burgenlandski.net\/wordpress\/wp-json\/wp\/v2\/media?parent=368"}],"curies":[{"name":"wp","href":"https:\/\/api.w.org\/{rel}","templated":true}]}}