{"id":44,"date":"2017-11-08T19:13:10","date_gmt":"2017-11-08T18:13:10","guid":{"rendered":"http:\/\/www.burgenlandski.net\/wordpress\/?page_id=44"},"modified":"2020-09-16T10:04:09","modified_gmt":"2020-09-16T08:04:09","slug":"grasski","status":"publish","type":"page","link":"http:\/\/www.burgenlandski.net\/wordpress\/grasski\/","title":{"rendered":"Grasski"},"content":{"rendered":"\t\t<div data-elementor-type=\"wp-post\" data-elementor-id=\"44\" class=\"elementor elementor-44 elementor-bc-flex-widget\" data-elementor-settings=\"[]\">\n\t\t\t\t\t\t<div class=\"elementor-inner\">\n\t\t\t\t\t\t\t<div class=\"elementor-section-wrap\">\n\t\t\t\t\t\t\t<section class=\"elementor-section elementor-top-section elementor-element elementor-element-b0f1455 elementor-section-boxed elementor-section-height-default elementor-section-height-default\" data-id=\"b0f1455\" data-element_type=\"section\">\n\t\t\t\t\t\t<div class=\"elementor-container elementor-column-gap-default\">\n\t\t\t\t\t\t\t<div class=\"elementor-row\">\n\t\t\t\t\t<div class=\"elementor-column elementor-col-100 elementor-top-column elementor-element elementor-element-7c6a0bd\" data-id=\"7c6a0bd\" data-element_type=\"column\">\n\t\t\t<div class=\"elementor-column-wrap elementor-element-populated\">\n\t\t\t\t\t\t\t<div class=\"elementor-widget-wrap\">\n\t\t\t\t\t\t<div class=\"elementor-element elementor-element-22fa060 elementor-widget elementor-widget-heading\" data-id=\"22fa060\" data-element_type=\"widget\" data-widget_type=\"heading.default\">\n\t\t\t\t<div class=\"elementor-widget-container\">\n\t\t\t<h2 class=\"elementor-heading-title elementor-size-default\">Aufgaben des Grasski-Referates<\/h2>\t\t<\/div>\n\t\t\t\t<\/div>\n\t\t\t\t<div class=\"elementor-element elementor-element-c078821 elementor-widget elementor-widget-text-editor\" data-id=\"c078821\" data-element_type=\"widget\" data-widget_type=\"text-editor.default\">\n\t\t\t\t<div class=\"elementor-widget-container\">\n\t\t\t\t\t\t\t\t<div class=\"elementor-text-editor elementor-clearfix\">\n\t\t\t\t<ul><li class=\"x_MsoNormal\">Nachwuchsf\u00f6rderung im Kinder, Sch\u00fcler und Jugendbereich<\/li><li class=\"x_MsoNormal\">Talente entdecken und bis zur Aufnahme in einen \u00d6sterreich &#8211; Kader f\u00f6rdern und unterst\u00fctzen<\/li><\/ul>\t\t\t\t\t<\/div>\n\t\t\t\t\t\t<\/div>\n\t\t\t\t<\/div>\n\t\t\t\t<div class=\"elementor-element elementor-element-8de7083 elementor-widget-divider--view-line elementor-widget elementor-widget-divider\" data-id=\"8de7083\" data-element_type=\"widget\" data-widget_type=\"divider.default\">\n\t\t\t\t<div class=\"elementor-widget-container\">\n\t\t\t\t\t<div class=\"elementor-divider\">\n\t\t\t<span class=\"elementor-divider-separator\">\n\t\t\t\t\t\t<\/span>\n\t\t<\/div>\n\t\t\t\t<\/div>\n\t\t\t\t<\/div>\n\t\t\t\t<div class=\"elementor-element elementor-element-6b6e17d elementor-widget elementor-widget-heading\" data-id=\"6b6e17d\" data-element_type=\"widget\" data-widget_type=\"heading.default\">\n\t\t\t\t<div class=\"elementor-widget-container\">\n\t\t\t<h2 class=\"elementor-heading-title elementor-size-default\">Ziel des Grasski-Referates<\/h2>\t\t<\/div>\n\t\t\t\t<\/div>\n\t\t\t\t<div class=\"elementor-element elementor-element-83324c9 elementor-widget elementor-widget-text-editor\" data-id=\"83324c9\" data-element_type=\"widget\" data-widget_type=\"text-editor.default\">\n\t\t\t\t<div class=\"elementor-widget-container\">\n\t\t\t\t\t\t\t\t<div class=\"elementor-text-editor elementor-clearfix\">\n\t\t\t\t<ul><li class=\"x_MsoNormal\">das erfolgreichste Referat im Burgenl\u00e4ndischen Skiverband zu bleiben<\/li><\/ul>\t\t\t\t\t<\/div>\n\t\t\t\t\t\t<\/div>\n\t\t\t\t<\/div>\n\t\t\t\t<div class=\"elementor-element elementor-element-b2be42b elementor-widget-divider--view-line elementor-widget elementor-widget-divider\" data-id=\"b2be42b\" data-element_type=\"widget\" data-widget_type=\"divider.default\">\n\t\t\t\t<div class=\"elementor-widget-container\">\n\t\t\t\t\t<div class=\"elementor-divider\">\n\t\t\t<span class=\"elementor-divider-separator\">\n\t\t\t\t\t\t<\/span>\n\t\t<\/div>\n\t\t\t\t<\/div>\n\t\t\t\t<\/div>\n\t\t\t\t<div class=\"elementor-element elementor-element-fd28862 elementor-widget elementor-widget-heading\" data-id=\"fd28862\" data-element_type=\"widget\" data-widget_type=\"heading.default\">\n\t\t\t\t<div class=\"elementor-widget-container\">\n\t\t\t<h2 class=\"elementor-heading-title elementor-size-default\">Funktion\u00e4re &amp; Trainer<\/h2>\t\t<\/div>\n\t\t\t\t<\/div>\n\t\t\t\t<div class=\"elementor-element elementor-element-048ef8e elementor-widget elementor-widget-shortcode\" data-id=\"048ef8e\" data-element_type=\"widget\" data-widget_type=\"shortcode.default\">\n\t\t\t\t<div class=\"elementor-widget-container\">\n\t\t\t\t\t<div class=\"elementor-shortcode\"><div class=\"tmm tmm_funktionaere-grasski\"><div class=\"tmm_3_columns tmm_wrap tmm_theme_f\"><span class=\"tmm_two_containers_tablet\"><\/span><div class=\"tmm_container\"><div class=\"tmm_member\" style=\"border-top:#333333 solid 5px;\"><div class=\"tmm_photo tmm_pic_funktionaere-grasski_0\" style=\"background: url(http:\/\/www.burgenlandski.net\/wordpress\/wp-content\/uploads\/2018\/04\/Gschwandtner-Daniel.jpeg); margin-left: auto; margin-right:auto; background-size:cover !important;\"><\/div><div class=\"tmm_textblock\"><div class=\"tmm_names\"><span class=\"tmm_fname\">Daniel<\/span> <span class=\"tmm_lname\">Gschwandtner<\/span><\/div><div class=\"tmm_scblock\"><\/div><\/div><\/div><div class=\"tmm_member\" style=\"border-top:#333333 solid 5px;\"><div class=\"tmm_photo tmm_pic_funktionaere-grasski_1\" style=\"background: url(http:\/\/www.burgenlandski.net\/wordpress\/wp-content\/uploads\/2018\/04\/horvath_erich.jpg); margin-left: auto; margin-right:auto; background-size:cover !important;\"><\/div><div class=\"tmm_textblock\"><div class=\"tmm_names\"><span class=\"tmm_fname\">Erich<\/span> <span class=\"tmm_lname\">Horvath<\/span><\/div><div class=\"tmm_job\">Trainer<\/div><div class=\"tmm_scblock\"><\/div><\/div><\/div><div style=\"clear:both;\"><\/div><\/div><\/div><\/div><\/div>\n\t\t\t\t<\/div>\n\t\t\t\t<\/div>\n\t\t\t\t<div class=\"elementor-element elementor-element-c821a1e elementor-widget-divider--view-line elementor-widget elementor-widget-divider\" data-id=\"c821a1e\" data-element_type=\"widget\" data-widget_type=\"divider.default\">\n\t\t\t\t<div class=\"elementor-widget-container\">\n\t\t\t\t\t<div class=\"elementor-divider\">\n\t\t\t<span class=\"elementor-divider-separator\">\n\t\t\t\t\t\t<\/span>\n\t\t<\/div>\n\t\t\t\t<\/div>\n\t\t\t\t<\/div>\n\t\t\t\t<div class=\"elementor-element elementor-element-5a449bd elementor-widget elementor-widget-heading\" data-id=\"5a449bd\" data-element_type=\"widget\" data-widget_type=\"heading.default\">\n\t\t\t\t<div class=\"elementor-widget-container\">\n\t\t\t<h2 class=\"elementor-heading-title elementor-size-default\">Landeskader<\/h2>\t\t<\/div>\n\t\t\t\t<\/div>\n\t\t\t\t<div class=\"elementor-element elementor-element-43da74f elementor-widget elementor-widget-shortcode\" data-id=\"43da74f\" data-element_type=\"widget\" data-widget_type=\"shortcode.default\">\n\t\t\t\t<div class=\"elementor-widget-container\">\n\t\t\t\t\t<div class=\"elementor-shortcode\"><div class=\"tmm tmm_landeskader-grasski\"><div class=\"tmm_2_columns tmm_wrap tmm_theme_f\"><span class=\"tmm_two_containers_tablet\"><\/span><div class=\"tmm_container\"><div class=\"tmm_member\" style=\"border-top:#333333 solid 5px;\"><div class=\"tmm_photo tmm_pic_landeskader-grasski_0\" style=\"background: url(http:\/\/www.burgenlandski.net\/wordpress\/wp-content\/uploads\/2018\/04\/Philipp_Gschwandtner.jpg); margin-left: auto; margin-right:auto; background-size:cover !important;\"><\/div><div class=\"tmm_textblock\"><div class=\"tmm_names\"><span class=\"tmm_fname\">Philipp<\/span> <span class=\"tmm_lname\"> Gschwandtner<\/span><\/div><div class=\"tmm_job\">SC Bad Tatzmannsdorf<\/div><div class=\"tmm_scblock\"><\/div><\/div><\/div><div class=\"tmm_member\" style=\"border-top:#333333 solid 5px;\"><div class=\"tmm_photo tmm_pic_landeskader-grasski_1\" style=\"background: url(http:\/\/www.burgenlandski.net\/wordpress\/wp-content\/uploads\/2018\/04\/Hetfleisch_Kristin.jpg); margin-left: auto; margin-right:auto; background-size:cover !important;\"><\/div><div class=\"tmm_textblock\"><div class=\"tmm_names\"><span class=\"tmm_fname\">Kristin<\/span> <span class=\"tmm_lname\">Hetfleisch<\/span><\/div><div class=\"tmm_job\">SC Rettenbach<\/div><div class=\"tmm_scblock\"><\/div><\/div><\/div><span class=\"tmm_two_containers_tablet\"><\/span><\/div><span class=\"tmm_columns_containers_desktop\"><\/span><div class=\"tmm_container\"><div class=\"tmm_member\" style=\"border-top:#333333 solid 5px;\"><div class=\"tmm_photo tmm_pic_landeskader-grasski_2\" style=\"background: url(http:\/\/www.burgenlandski.net\/wordpress\/wp-content\/uploads\/2018\/04\/Wusits_Lisa.jpg); margin-left: auto; margin-right:auto; background-size:cover !important;\"><\/div><div class=\"tmm_textblock\"><div class=\"tmm_names\"><span class=\"tmm_fname\">Lisa<\/span> <span class=\"tmm_lname\">Wusits<\/span><\/div><div class=\"tmm_job\">SC Bad Tatzmannsdorf<\/div><div class=\"tmm_scblock\"><\/div><\/div><\/div><div style=\"clear:both;\"><\/div><\/div><\/div><\/div><\/div>\n\t\t\t\t<\/div>\n\t\t\t\t<\/div>\n\t\t\t\t<div class=\"elementor-element elementor-element-328407c elementor-widget elementor-widget-heading\" data-id=\"328407c\" data-element_type=\"widget\" data-widget_type=\"heading.default\">\n\t\t\t\t<div class=\"elementor-widget-container\">\n\t\t\t<h3 class=\"elementor-heading-title elementor-size-default\">Jugendkader<\/h3>\t\t<\/div>\n\t\t\t\t<\/div>\n\t\t\t\t<div class=\"elementor-element elementor-element-3d6013b elementor-widget elementor-widget-shortcode\" data-id=\"3d6013b\" data-element_type=\"widget\" data-widget_type=\"shortcode.default\">\n\t\t\t\t<div class=\"elementor-widget-container\">\n\t\t\t\t\t<div class=\"elementor-shortcode\"><div class=\"tmm tmm_jugendkader-grasski\"><div class=\"tmm_3_columns tmm_wrap tmm_theme_f\"><span class=\"tmm_two_containers_tablet\"><\/span><div class=\"tmm_container\"><div class=\"tmm_member\" style=\"border-top:#333333 solid 5px;\"><div class=\"tmm_photo tmm_pic_jugendkader-grasski_0\" style=\"background: url(http:\/\/www.burgenlandski.net\/wordpress\/wp-content\/uploads\/2018\/04\/Schl\u00f6gl_Roland.jpg); margin-left: auto; margin-right:auto; background-size:cover !important;\"><\/div><div class=\"tmm_textblock\"><div class=\"tmm_names\"><span class=\"tmm_fname\">Roland<\/span> <span class=\"tmm_lname\">Schl\u00f6gl<\/span><\/div><div class=\"tmm_job\">SC Neud\u00f6rfl<\/div><div class=\"tmm_scblock\"><\/div><\/div><\/div><div class=\"tmm_member\" style=\"border-top:#333333 solid 5px;\"><div class=\"tmm_photo tmm_pic_jugendkader-grasski_1\" style=\"background: url(http:\/\/www.burgenlandski.net\/wordpress\/wp-content\/uploads\/2018\/04\/giacobini_lisa-1.png); margin-left: auto; margin-right:auto; background-size:cover !important;\"><\/div><div class=\"tmm_textblock\"><div class=\"tmm_names\"><span class=\"tmm_fname\">Lisa<\/span> <span class=\"tmm_lname\">Giacobini<\/span><\/div><div class=\"tmm_job\">SC Bad Tatzmannsdorf<\/div><div class=\"tmm_scblock\"><\/div><\/div><\/div><span class=\"tmm_two_containers_tablet\"><\/span><div class=\"tmm_member\" style=\"border-top:#333333 solid 5px;\"><div class=\"tmm_photo tmm_pic_jugendkader-grasski_2\" style=\"background: url(http:\/\/www.burgenlandski.net\/wordpress\/wp-content\/uploads\/2018\/04\/f\u00fcl\u00f6p_tim.jpg); margin-left: auto; margin-right:auto; background-size:cover !important;\"><\/div><div class=\"tmm_textblock\"><div class=\"tmm_names\"><span class=\"tmm_fname\">Tim<\/span> <span class=\"tmm_lname\">F\u00fcl\u00f6p<\/span><\/div><div class=\"tmm_job\">SC Bad Tatzmannsdorf<\/div><div class=\"tmm_scblock\"><\/div><\/div><\/div><div style=\"clear:both;\"><\/div><\/div><\/div><\/div><\/div>\n\t\t\t\t<\/div>\n\t\t\t\t<\/div>\n\t\t\t\t<div class=\"elementor-element elementor-element-22ce9c3 elementor-widget elementor-widget-heading\" data-id=\"22ce9c3\" data-element_type=\"widget\" data-widget_type=\"heading.default\">\n\t\t\t\t<div class=\"elementor-widget-container\">\n\t\t\t<h3 class=\"elementor-heading-title elementor-size-default\">Sch\u00fclerkader<\/h3>\t\t<\/div>\n\t\t\t\t<\/div>\n\t\t\t\t<div class=\"elementor-element elementor-element-894d650 elementor-widget elementor-widget-shortcode\" data-id=\"894d650\" data-element_type=\"widget\" data-widget_type=\"shortcode.default\">\n\t\t\t\t<div class=\"elementor-widget-container\">\n\t\t\t\t\t<div class=\"elementor-shortcode\"><div class=\"tmm tmm_schuelerkader-grasski\"><div class=\"tmm_3_columns tmm_wrap tmm_theme_f\"><span class=\"tmm_two_containers_tablet\"><\/span><div class=\"tmm_container\"><div class=\"tmm_member\" style=\"border-top:#333333 solid 5px;\"><div class=\"tmm_photo tmm_pic_schuelerkader-grasski_0\" style=\"background: url(http:\/\/www.burgenlandski.net\/wordpress\/wp-content\/uploads\/2018\/04\/hetfleisch_tina.jpg); margin-left: auto; margin-right:auto; background-size:cover !important;\"><\/div><div class=\"tmm_textblock\"><div class=\"tmm_names\"><span class=\"tmm_fname\">Tina<\/span> <span class=\"tmm_lname\">Hetfleisch<\/span><\/div><div class=\"tmm_job\">SC Rettenbach<\/div><div class=\"tmm_scblock\"><\/div><\/div><\/div><div class=\"tmm_member\" style=\"border-top:#333333 solid 5px;\"><div class=\"tmm_photo tmm_pic_schuelerkader-grasski_1\" style=\"background: url(http:\/\/www.burgenlandski.net\/wordpress\/wp-content\/uploads\/2018\/06\/Emma.jpg); margin-left: auto; margin-right:auto; background-size:cover !important;\"><\/div><div class=\"tmm_textblock\"><div class=\"tmm_names\"><span class=\"tmm_fname\">Emma<\/span> <span class=\"tmm_lname\">Eberhardt<\/span><\/div><div class=\"tmm_job\">SC Bad Tatzmannsdorf<\/div><div class=\"tmm_scblock\"><\/div><\/div><\/div><span class=\"tmm_two_containers_tablet\"><\/span><div class=\"tmm_member\" style=\"border-top:#333333 solid 5px;\"><div class=\"tmm_photo tmm_pic_schuelerkader-grasski_2\" style=\"background: url(http:\/\/www.burgenlandski.net\/wordpress\/wp-content\/uploads\/2018\/06\/aurelia.jpg); margin-left: auto; margin-right:auto; background-size:cover !important;\"><\/div><div class=\"tmm_textblock\"><div class=\"tmm_names\"><span class=\"tmm_fname\">Aurelia<\/span> <span class=\"tmm_lname\">Schulmeister<\/span><\/div><div class=\"tmm_job\"> SC Bad Tatzmannsdorf<\/div><div class=\"tmm_scblock\"><\/div><\/div><\/div><\/div><span class=\"tmm_columns_containers_desktop\"><\/span><div class=\"tmm_container\"><div class=\"tmm_member\" style=\"border-top:#333333 solid 5px;\"><div class=\"tmm_photo tmm_pic_schuelerkader-grasski_3\" style=\"background: url(http:\/\/www.burgenlandski.net\/wordpress\/wp-content\/uploads\/2018\/06\/Allegra.jpg); margin-left: auto; margin-right:auto; background-size:cover !important;\"><\/div><div class=\"tmm_textblock\"><div class=\"tmm_names\"><span class=\"tmm_fname\">Allegra<\/span> <span class=\"tmm_lname\">Schulmeister<\/span><\/div><div class=\"tmm_job\"> SC Bad Tatzmannsdorf<\/div><div class=\"tmm_scblock\"><\/div><\/div><\/div><span class=\"tmm_two_containers_tablet\"><\/span><div class=\"tmm_member\" style=\"border-top:#333333 solid 5px;\"><div class=\"tmm_photo tmm_pic_schuelerkader-grasski_4\" style=\"background: url(http:\/\/www.burgenlandski.net\/wordpress\/wp-content\/uploads\/2018\/06\/Athenais.jpg); margin-left: auto; margin-right:auto; background-size:cover !important;\"><\/div><div class=\"tmm_textblock\"><div class=\"tmm_names\"><span class=\"tmm_fname\">Athenais<\/span> <span class=\"tmm_lname\">Schulmeister<\/span><\/div><div class=\"tmm_job\">SC Bad Tatzmannsdorf<\/div><div class=\"tmm_scblock\"><\/div><\/div><\/div><div style=\"clear:both;\"><\/div><\/div><\/div><\/div><\/div>\n\t\t\t\t<\/div>\n\t\t\t\t<\/div>\n\t\t\t\t\t\t<\/div>\n\t\t\t\t\t<\/div>\n\t\t<\/div>\n\t\t\t\t\t\t\t\t<\/div>\n\t\t\t\t\t<\/div>\n\t\t<\/section>\n\t\t\t\t\t\t<\/div>\n\t\t\t\t\t\t<\/div>\n\t\t\t\t\t<\/div>\n\t\t","protected":false},"excerpt":{"rendered":"<p>Aufgaben des Grasski-Referates Nachwuchsf\u00f6rderung im Kinder, Sch\u00fcler und Jugendbereich Talente entdecken und bis zur Aufnahme in einen \u00d6sterreich &#8211; Kader f\u00f6rdern und unterst\u00fctzen Ziel des Grasski-Referates das erfolgreichste Referat im<a class=\"read-more more-link\" href=\"http:\/\/www.burgenlandski.net\/wordpress\/tmm\/schuelerkader-grasski\/\">Continue reading<\/a><\/p>\n","protected":false},"author":2,"featured_media":0,"parent":0,"menu_order":0,"comment_status":"closed","ping_status":"closed","template":"","meta":[],"yoast_head":"<!-- This site is optimized with the Yoast SEO plugin v15.4 - https:\/\/yoast.com\/wordpress\/plugins\/seo\/ -->\n<title>Grasski-Referat des Burgenl\u00e4ndischen Skiverbandes<\/title>\n<meta name=\"description\" content=\"Die Aufgaben des Grasski-Referates sind Nachwuchsf\u00f6rderung im Kinder-, Sch\u00fcler- und Jugendbereich und zu Talente entdecken und bis zur Aufnahme in einen \u00d6sterreich \u2013 Kader f\u00f6rdern und unterst\u00fctzen\" \/>\n<meta name=\"robots\" content=\"index, follow, max-snippet:-1, max-image-preview:large, max-video-preview:-1\" \/>\n<link rel=\"canonical\" href=\"http:\/\/www.burgenlandski.net\/wordpress\/grasski\/\" \/>\n<meta property=\"og:locale\" content=\"de_DE\" \/>\n<meta property=\"og:type\" content=\"article\" \/>\n<meta property=\"og:title\" content=\"Grasski-Referat des Burgenl\u00e4ndischen Skiverbandes\" \/>\n<meta property=\"og:description\" content=\"Die Aufgaben des Grasski-Referates sind Nachwuchsf\u00f6rderung im Kinder-, Sch\u00fcler- und Jugendbereich und zu Talente entdecken und bis zur Aufnahme in einen \u00d6sterreich \u2013 Kader f\u00f6rdern und unterst\u00fctzen\" \/>\n<meta property=\"og:url\" content=\"http:\/\/www.burgenlandski.net\/wordpress\/grasski\/\" \/>\n<meta property=\"og:site_name\" content=\"Ski Burgenland\" \/>\n<meta property=\"article:modified_time\" content=\"2020-09-16T08:04:09+00:00\" \/>\n<meta name=\"twitter:card\" content=\"summary\" \/>\n<meta name=\"twitter:label1\" content=\"Verfasst von\">\n\t<meta name=\"twitter:data1\" content=\"Paul Wagner\">\n\t<meta name=\"twitter:label2\" content=\"Gesch\u00e4tzte Lesezeit\">\n\t<meta name=\"twitter:data2\" content=\"0\u00a0Minuten\">\n<script type=\"application\/ld+json\" class=\"yoast-schema-graph\">{\"@context\":\"https:\/\/schema.org\",\"@graph\":[{\"@type\":\"WebSite\",\"@id\":\"http:\/\/www.burgenlandski.net\/wordpress\/#website\",\"url\":\"http:\/\/www.burgenlandski.net\/wordpress\/\",\"name\":\"Ski Burgenland\",\"description\":\"Der Burgenl\\u00e4ndische Skiverband\",\"potentialAction\":[{\"@type\":\"SearchAction\",\"target\":\"http:\/\/www.burgenlandski.net\/wordpress\/?s={search_term_string}\",\"query-input\":\"required name=search_term_string\"}],\"inLanguage\":\"de\"},{\"@type\":\"WebPage\",\"@id\":\"http:\/\/www.burgenlandski.net\/wordpress\/grasski\/#webpage\",\"url\":\"http:\/\/www.burgenlandski.net\/wordpress\/grasski\/\",\"name\":\"Grasski-Referat des Burgenl\\u00e4ndischen Skiverbandes\",\"isPartOf\":{\"@id\":\"http:\/\/www.burgenlandski.net\/wordpress\/#website\"},\"datePublished\":\"2017-11-08T18:13:10+00:00\",\"dateModified\":\"2020-09-16T08:04:09+00:00\",\"description\":\"Die Aufgaben des Grasski-Referates sind Nachwuchsf\\u00f6rderung im Kinder-, Sch\\u00fcler- und Jugendbereich und zu Talente entdecken und bis zur Aufnahme in einen \\u00d6sterreich \\u2013 Kader f\\u00f6rdern und unterst\\u00fctzen\",\"inLanguage\":\"de\",\"potentialAction\":[{\"@type\":\"ReadAction\",\"target\":[\"http:\/\/www.burgenlandski.net\/wordpress\/grasski\/\"]}]}]}<\/script>\n<!-- \/ Yoast SEO plugin. -->","_links":{"self":[{"href":"http:\/\/www.burgenlandski.net\/wordpress\/wp-json\/wp\/v2\/pages\/44"}],"collection":[{"href":"http:\/\/www.burgenlandski.net\/wordpress\/wp-json\/wp\/v2\/pages"}],"about":[{"href":"http:\/\/www.burgenlandski.net\/wordpress\/wp-json\/wp\/v2\/types\/page"}],"author":[{"embeddable":true,"href":"http:\/\/www.burgenlandski.net\/wordpress\/wp-json\/wp\/v2\/users\/2"}],"replies":[{"embeddable":true,"href":"http:\/\/www.burgenlandski.net\/wordpress\/wp-json\/wp\/v2\/comments?post=44"}],"version-history":[{"count":3,"href":"http:\/\/www.burgenlandski.net\/wordpress\/wp-json\/wp\/v2\/pages\/44\/revisions"}],"predecessor-version":[{"id":720,"href":"http:\/\/www.burgenlandski.net\/wordpress\/wp-json\/wp\/v2\/pages\/44\/revisions\/720"}],"wp:attachment":[{"href":"http:\/\/www.burgenlandski.net\/wordpress\/wp-json\/wp\/v2\/media?parent=44"}],"curies":[{"name":"wp","href":"https:\/\/api.w.org\/{rel}","templated":true}]}}