{"id":46,"date":"2017-11-08T19:13:42","date_gmt":"2017-11-08T18:13:42","guid":{"rendered":"http:\/\/www.burgenlandski.net\/wordpress\/?page_id=46"},"modified":"2025-01-31T16:25:30","modified_gmt":"2025-01-31T15:25:30","slug":"snowboard","status":"publish","type":"page","link":"http:\/\/www.burgenlandski.net\/wordpress\/snowboard\/","title":{"rendered":"Snowboard"},"content":{"rendered":"\t\t<div data-elementor-type=\"wp-page\" data-elementor-id=\"46\" class=\"elementor elementor-46\" data-elementor-settings=\"[]\">\n\t\t\t\t\t\t<div class=\"elementor-inner\">\n\t\t\t\t\t\t\t<div class=\"elementor-section-wrap\">\n\t\t\t\t\t\t\t<section class=\"elementor-section elementor-top-section elementor-element elementor-element-83f76bb elementor-section-boxed elementor-section-height-default elementor-section-height-default\" data-id=\"83f76bb\" data-element_type=\"section\">\n\t\t\t\t\t\t<div class=\"elementor-container elementor-column-gap-default\">\n\t\t\t\t\t\t\t<div class=\"elementor-row\">\n\t\t\t\t\t<div class=\"elementor-column elementor-col-100 elementor-top-column elementor-element elementor-element-787130a\" data-id=\"787130a\" data-element_type=\"column\">\n\t\t\t<div class=\"elementor-column-wrap elementor-element-populated\">\n\t\t\t\t\t\t\t<div class=\"elementor-widget-wrap\">\n\t\t\t\t\t\t<div class=\"elementor-element elementor-element-83c81d8 elementor-widget elementor-widget-heading\" data-id=\"83c81d8\" data-element_type=\"widget\" data-widget_type=\"heading.default\">\n\t\t\t\t<div class=\"elementor-widget-container\">\n\t\t\t<h2 class=\"elementor-heading-title elementor-size-default\">Aufgaben und Zweck des <br>Snowboard-Referates<\/h2>\t\t<\/div>\n\t\t\t\t<\/div>\n\t\t\t\t<div class=\"elementor-element elementor-element-f51a803 elementor-widget elementor-widget-text-editor\" data-id=\"f51a803\" data-element_type=\"widget\" data-widget_type=\"text-editor.default\">\n\t\t\t\t<div class=\"elementor-widget-container\">\n\t\t\t\t\t\t\t\t<div class=\"elementor-text-editor elementor-clearfix\">\n\t\t\t\t<ul>\n \t<li class=\"x_MsoNormal\">Nachwuchsf\u00f6rderung im Sch\u00fcler und Jugendbereich<\/li>\n \t<li class=\"x_MsoNormal\">Talente entdecken und bis zur Aufnahme in einen \u00d6sterreich-Kader zu f\u00f6rdern und unterst\u00fctzen<\/span><\/li>\n<\/ul>\t\t\t\t\t<\/div>\n\t\t\t\t\t\t<\/div>\n\t\t\t\t<\/div>\n\t\t\t\t<div class=\"elementor-element elementor-element-98238aa elementor-widget-divider--view-line elementor-widget elementor-widget-divider\" data-id=\"98238aa\" data-element_type=\"widget\" data-widget_type=\"divider.default\">\n\t\t\t\t<div class=\"elementor-widget-container\">\n\t\t\t\t\t<div class=\"elementor-divider\">\n\t\t\t<span class=\"elementor-divider-separator\">\n\t\t\t\t\t\t<\/span>\n\t\t<\/div>\n\t\t\t\t<\/div>\n\t\t\t\t<\/div>\n\t\t\t\t\t\t<\/div>\n\t\t\t\t\t<\/div>\n\t\t<\/div>\n\t\t\t\t\t\t\t\t<\/div>\n\t\t\t\t\t<\/div>\n\t\t<\/section>\n\t\t\t\t\t\t<\/div>\n\t\t\t\t\t\t<\/div>\n\t\t\t\t\t<\/div>\n\t\t","protected":false},"excerpt":{"rendered":"<p>Aufgaben und Zweck des Snowboard-Referates Nachwuchsf\u00f6rderung im Sch\u00fcler und Jugendbereich Talente entdecken und bis zur Aufnahme in einen \u00d6sterreich-Kader zu f\u00f6rdern und unterst\u00fctzen<\/p>\n","protected":false},"author":2,"featured_media":0,"parent":0,"menu_order":0,"comment_status":"closed","ping_status":"closed","template":"","meta":[],"yoast_head":"<!-- This site is optimized with the Yoast SEO plugin v15.4 - https:\/\/yoast.com\/wordpress\/plugins\/seo\/ -->\n<title>Snowboard-Referat des Burgenl\u00e4ndischen Skiverband<\/title>\n<meta name=\"description\" content=\"Aufgaben und Zweck des Snowboard-Referates sind die Nachwuchsf\u00f6rderung im Sch\u00fcler- und Jugendbereich und Talente entdecken und bis zur Aufnahme in einen \u00d6sterreich-Kader zu f\u00f6rdern und unterst\u00fctzen.\" \/>\n<meta name=\"robots\" content=\"index, follow, max-snippet:-1, max-image-preview:large, max-video-preview:-1\" \/>\n<link rel=\"canonical\" href=\"http:\/\/www.burgenlandski.net\/wordpress\/snowboard\/\" \/>\n<meta property=\"og:locale\" content=\"de_DE\" \/>\n<meta property=\"og:type\" content=\"article\" \/>\n<meta property=\"og:title\" content=\"Snowboard-Referat des Burgenl\u00e4ndischen Skiverband\" \/>\n<meta property=\"og:description\" content=\"Aufgaben und Zweck des Snowboard-Referates sind die Nachwuchsf\u00f6rderung im Sch\u00fcler- und Jugendbereich und Talente entdecken und bis zur Aufnahme in einen \u00d6sterreich-Kader zu f\u00f6rdern und unterst\u00fctzen.\" \/>\n<meta property=\"og:url\" content=\"http:\/\/www.burgenlandski.net\/wordpress\/snowboard\/\" \/>\n<meta property=\"og:site_name\" content=\"Ski Burgenland\" \/>\n<meta property=\"article:modified_time\" content=\"2025-01-31T15:25:30+00:00\" \/>\n<meta name=\"twitter:card\" content=\"summary\" \/>\n<meta name=\"twitter:label1\" content=\"Verfasst von\">\n\t<meta name=\"twitter:data1\" content=\"Paul Wagner\">\n\t<meta name=\"twitter:label2\" content=\"Gesch\u00e4tzte Lesezeit\">\n\t<meta name=\"twitter:data2\" content=\"0\u00a0Minuten\">\n<script type=\"application\/ld+json\" class=\"yoast-schema-graph\">{\"@context\":\"https:\/\/schema.org\",\"@graph\":[{\"@type\":\"WebSite\",\"@id\":\"http:\/\/www.burgenlandski.net\/wordpress\/#website\",\"url\":\"http:\/\/www.burgenlandski.net\/wordpress\/\",\"name\":\"Ski Burgenland\",\"description\":\"Der Burgenl\\u00e4ndische Skiverband\",\"potentialAction\":[{\"@type\":\"SearchAction\",\"target\":\"http:\/\/www.burgenlandski.net\/wordpress\/?s={search_term_string}\",\"query-input\":\"required name=search_term_string\"}],\"inLanguage\":\"de\"},{\"@type\":\"WebPage\",\"@id\":\"http:\/\/www.burgenlandski.net\/wordpress\/snowboard\/#webpage\",\"url\":\"http:\/\/www.burgenlandski.net\/wordpress\/snowboard\/\",\"name\":\"Snowboard-Referat des Burgenl\\u00e4ndischen Skiverband\",\"isPartOf\":{\"@id\":\"http:\/\/www.burgenlandski.net\/wordpress\/#website\"},\"datePublished\":\"2017-11-08T18:13:42+00:00\",\"dateModified\":\"2025-01-31T15:25:30+00:00\",\"description\":\"Aufgaben und Zweck des Snowboard-Referates sind die Nachwuchsf\\u00f6rderung im Sch\\u00fcler- und Jugendbereich und Talente entdecken und bis zur Aufnahme in einen \\u00d6sterreich-Kader zu f\\u00f6rdern und unterst\\u00fctzen.\",\"inLanguage\":\"de\",\"potentialAction\":[{\"@type\":\"ReadAction\",\"target\":[\"http:\/\/www.burgenlandski.net\/wordpress\/snowboard\/\"]}]}]}<\/script>\n<!-- \/ Yoast SEO plugin. -->","_links":{"self":[{"href":"http:\/\/www.burgenlandski.net\/wordpress\/wp-json\/wp\/v2\/pages\/46"}],"collection":[{"href":"http:\/\/www.burgenlandski.net\/wordpress\/wp-json\/wp\/v2\/pages"}],"about":[{"href":"http:\/\/www.burgenlandski.net\/wordpress\/wp-json\/wp\/v2\/types\/page"}],"author":[{"embeddable":true,"href":"http:\/\/www.burgenlandski.net\/wordpress\/wp-json\/wp\/v2\/users\/2"}],"replies":[{"embeddable":true,"href":"http:\/\/www.burgenlandski.net\/wordpress\/wp-json\/wp\/v2\/comments?post=46"}],"version-history":[{"count":7,"href":"http:\/\/www.burgenlandski.net\/wordpress\/wp-json\/wp\/v2\/pages\/46\/revisions"}],"predecessor-version":[{"id":2418,"href":"http:\/\/www.burgenlandski.net\/wordpress\/wp-json\/wp\/v2\/pages\/46\/revisions\/2418"}],"wp:attachment":[{"href":"http:\/\/www.burgenlandski.net\/wordpress\/wp-json\/wp\/v2\/media?parent=46"}],"curies":[{"name":"wp","href":"https:\/\/api.w.org\/{rel}","templated":true}]}}