{"id":48,"date":"2017-11-08T19:14:48","date_gmt":"2017-11-08T18:14:48","guid":{"rendered":"http:\/\/www.burgenlandski.net\/wordpress\/?page_id=48"},"modified":"2018-04-12T12:11:24","modified_gmt":"2018-04-12T10:11:24","slug":"langlauf","status":"publish","type":"page","link":"http:\/\/www.burgenlandski.net\/wordpress\/langlauf\/","title":{"rendered":"Langlauf"},"content":{"rendered":"\t\t<div data-elementor-type=\"wp-page\" data-elementor-id=\"48\" class=\"elementor elementor-48 elementor-bc-flex-widget\" data-elementor-settings=\"[]\">\n\t\t\t\t\t\t<div class=\"elementor-inner\">\n\t\t\t\t\t\t\t<div class=\"elementor-section-wrap\">\n\t\t\t\t\t\t\t<section class=\"elementor-section elementor-top-section elementor-element elementor-element-ea0bcc6 elementor-section-boxed elementor-section-height-default elementor-section-height-default\" data-id=\"ea0bcc6\" data-element_type=\"section\">\n\t\t\t\t\t\t<div class=\"elementor-container elementor-column-gap-default\">\n\t\t\t\t\t\t\t<div class=\"elementor-row\">\n\t\t\t\t\t<div class=\"elementor-column elementor-col-100 elementor-top-column elementor-element elementor-element-dccd348\" data-id=\"dccd348\" data-element_type=\"column\">\n\t\t\t<div class=\"elementor-column-wrap elementor-element-populated\">\n\t\t\t\t\t\t\t<div class=\"elementor-widget-wrap\">\n\t\t\t\t\t\t<div class=\"elementor-element elementor-element-0a09f9e elementor-widget elementor-widget-heading\" data-id=\"0a09f9e\" data-element_type=\"widget\" data-widget_type=\"heading.default\">\n\t\t\t\t<div class=\"elementor-widget-container\">\n\t\t\t<h2 class=\"elementor-heading-title elementor-size-default\">Aufgaben und Zweck des<br>Langlauf-Referates<\/h2>\t\t<\/div>\n\t\t\t\t<\/div>\n\t\t\t\t<div class=\"elementor-element elementor-element-c49d609 elementor-widget elementor-widget-text-editor\" data-id=\"c49d609\" data-element_type=\"widget\" data-widget_type=\"text-editor.default\">\n\t\t\t\t<div class=\"elementor-widget-container\">\n\t\t\t\t\t\t\t\t<div class=\"elementor-text-editor elementor-clearfix\">\n\t\t\t\t<ul>\n \t<li class=\"x_MsoNormal\">\nNachwuchsf\u00f6rderung im Sch\u00fcler und Jugendbereich<\/span><\/li>\n \t<li class=\"x_MsoNormal\">\n\nTalente entdecken und bis zur Aufnahme in einen \u00d6sterreich-Kader zu f\u00f6rdern und unterst\u00fctzen<\/span><\/li>\n<\/ul>\t\t\t\t\t<\/div>\n\t\t\t\t\t\t<\/div>\n\t\t\t\t<\/div>\n\t\t\t\t<div class=\"elementor-element elementor-element-3f2299b elementor-widget-divider--view-line elementor-widget elementor-widget-divider\" data-id=\"3f2299b\" data-element_type=\"widget\" data-widget_type=\"divider.default\">\n\t\t\t\t<div class=\"elementor-widget-container\">\n\t\t\t\t\t<div class=\"elementor-divider\">\n\t\t\t<span class=\"elementor-divider-separator\">\n\t\t\t\t\t\t<\/span>\n\t\t<\/div>\n\t\t\t\t<\/div>\n\t\t\t\t<\/div>\n\t\t\t\t<div class=\"elementor-element elementor-element-e764474 elementor-widget elementor-widget-shortcode\" data-id=\"e764474\" data-element_type=\"widget\" data-widget_type=\"shortcode.default\">\n\t\t\t\t<div class=\"elementor-widget-container\">\n\t\t\t\t\t<div class=\"elementor-shortcode\"><div class=\"tmm tmm_langlauf\"><div class=\"tmm_3_columns tmm_wrap tmm_plugin_f\"><span class=\"tmm_two_containers_tablet\"><\/span><div class=\"tmm_container\"><div class=\"tmm_member\" style=\"border-top:#333333 solid 5px;\"><div class=\"tmm_photo tmm_pic_langlauf_0\" style=\"background: url(http:\/\/www.burgenlandski.net\/wordpress\/wp-content\/uploads\/2018\/03\/Richard-SCHUH.jpg); margin-left: auto; margin-right:auto; background-size:cover !important;\"><\/div><div class=\"tmm_textblock\"><div class=\"tmm_names\"><span class=\"tmm_fname\">Richard<\/span> <span class=\"tmm_lname\">Schuh<\/span><\/div><div class=\"tmm_job\">Vizepr\u00e4sident<\/div><div class=\"tmm_scblock\"><\/div><\/div><\/div><div class=\"tmm_member\" style=\"border-top:#333333 solid 5px;\"><div class=\"tmm_photo tmm_pic_langlauf_1\" style=\"background: url(http:\/\/www.burgenlandski.net\/wordpress\/wp-content\/uploads\/2018\/02\/Varga-Bernd.jpg); margin-left: auto; margin-right:auto; background-size:cover !important;\"><\/div><div class=\"tmm_textblock\"><div class=\"tmm_names\"><span class=\"tmm_fname\">Bernd<\/span> <span class=\"tmm_lname\">Varga<\/span><\/div><div class=\"tmm_job\">Referat Nordisch<\/div><div class=\"tmm_scblock\"><\/div><\/div><\/div><div style=\"clear:both;\"><\/div><\/div><\/div><\/div><\/div>\n\t\t\t\t<\/div>\n\t\t\t\t<\/div>\n\t\t\t\t\t\t<\/div>\n\t\t\t\t\t<\/div>\n\t\t<\/div>\n\t\t\t\t\t\t\t\t<\/div>\n\t\t\t\t\t<\/div>\n\t\t<\/section>\n\t\t\t\t\t\t<\/div>\n\t\t\t\t\t\t<\/div>\n\t\t\t\t\t<\/div>\n\t\t","protected":false},"excerpt":{"rendered":"<p>Aufgaben und Zweck des Langlauf-Referates Nachwuchsf\u00f6rderung im Sch\u00fcler und Jugendbereich Talente entdecken und bis zur Aufnahme in einen \u00d6sterreich-Kader zu f\u00f6rdern und unterst\u00fctzen<\/p>\n","protected":false},"author":2,"featured_media":0,"parent":0,"menu_order":0,"comment_status":"closed","ping_status":"closed","template":"","meta":[],"yoast_head":"<!-- This site is optimized with the Yoast SEO plugin v15.4 - https:\/\/yoast.com\/wordpress\/plugins\/seo\/ -->\n<title>Langlauf-Referat des Burgenl\u00e4ndischen Skiverbandes<\/title>\n<meta name=\"description\" content=\"Aufgaben und Zweck des Langlauf-Referates sind die Nachwuchsf\u00f6rderung im Sch\u00fcler und Jugendbereich und Talente entdecken und bis zur Aufnahme in einen \u00d6sterreich-Kader zu f\u00f6rdern und unterst\u00fctzen.\" \/>\n<meta name=\"robots\" content=\"index, follow, max-snippet:-1, max-image-preview:large, max-video-preview:-1\" \/>\n<link rel=\"canonical\" href=\"http:\/\/www.burgenlandski.net\/wordpress\/langlauf\/\" \/>\n<meta property=\"og:locale\" content=\"de_DE\" \/>\n<meta property=\"og:type\" content=\"article\" \/>\n<meta property=\"og:title\" content=\"Langlauf-Referat des Burgenl\u00e4ndischen Skiverbandes\" \/>\n<meta property=\"og:description\" content=\"Aufgaben und Zweck des Langlauf-Referates sind die Nachwuchsf\u00f6rderung im Sch\u00fcler und Jugendbereich und Talente entdecken und bis zur Aufnahme in einen \u00d6sterreich-Kader zu f\u00f6rdern und unterst\u00fctzen.\" \/>\n<meta property=\"og:url\" content=\"http:\/\/www.burgenlandski.net\/wordpress\/langlauf\/\" \/>\n<meta property=\"og:site_name\" content=\"Ski Burgenland\" \/>\n<meta property=\"article:modified_time\" content=\"2018-04-12T10:11:24+00:00\" \/>\n<meta name=\"twitter:card\" content=\"summary\" \/>\n<meta name=\"twitter:label1\" content=\"Verfasst von\">\n\t<meta name=\"twitter:data1\" content=\"Paul Wagner\">\n\t<meta name=\"twitter:label2\" content=\"Gesch\u00e4tzte Lesezeit\">\n\t<meta name=\"twitter:data2\" content=\"0\u00a0Minuten\">\n<script type=\"application\/ld+json\" class=\"yoast-schema-graph\">{\"@context\":\"https:\/\/schema.org\",\"@graph\":[{\"@type\":\"WebSite\",\"@id\":\"http:\/\/www.burgenlandski.net\/wordpress\/#website\",\"url\":\"http:\/\/www.burgenlandski.net\/wordpress\/\",\"name\":\"Ski Burgenland\",\"description\":\"Der Burgenl\\u00e4ndische Skiverband\",\"potentialAction\":[{\"@type\":\"SearchAction\",\"target\":\"http:\/\/www.burgenlandski.net\/wordpress\/?s={search_term_string}\",\"query-input\":\"required name=search_term_string\"}],\"inLanguage\":\"de\"},{\"@type\":\"WebPage\",\"@id\":\"http:\/\/www.burgenlandski.net\/wordpress\/langlauf\/#webpage\",\"url\":\"http:\/\/www.burgenlandski.net\/wordpress\/langlauf\/\",\"name\":\"Langlauf-Referat des Burgenl\\u00e4ndischen Skiverbandes\",\"isPartOf\":{\"@id\":\"http:\/\/www.burgenlandski.net\/wordpress\/#website\"},\"datePublished\":\"2017-11-08T18:14:48+00:00\",\"dateModified\":\"2018-04-12T10:11:24+00:00\",\"description\":\"Aufgaben und Zweck des Langlauf-Referates sind die Nachwuchsf\\u00f6rderung im Sch\\u00fcler und Jugendbereich und Talente entdecken und bis zur Aufnahme in einen \\u00d6sterreich-Kader zu f\\u00f6rdern und unterst\\u00fctzen.\",\"inLanguage\":\"de\",\"potentialAction\":[{\"@type\":\"ReadAction\",\"target\":[\"http:\/\/www.burgenlandski.net\/wordpress\/langlauf\/\"]}]}]}<\/script>\n<!-- \/ Yoast SEO plugin. -->","_links":{"self":[{"href":"http:\/\/www.burgenlandski.net\/wordpress\/wp-json\/wp\/v2\/pages\/48"}],"collection":[{"href":"http:\/\/www.burgenlandski.net\/wordpress\/wp-json\/wp\/v2\/pages"}],"about":[{"href":"http:\/\/www.burgenlandski.net\/wordpress\/wp-json\/wp\/v2\/types\/page"}],"author":[{"embeddable":true,"href":"http:\/\/www.burgenlandski.net\/wordpress\/wp-json\/wp\/v2\/users\/2"}],"replies":[{"embeddable":true,"href":"http:\/\/www.burgenlandski.net\/wordpress\/wp-json\/wp\/v2\/comments?post=48"}],"version-history":[{"count":4,"href":"http:\/\/www.burgenlandski.net\/wordpress\/wp-json\/wp\/v2\/pages\/48\/revisions"}],"predecessor-version":[{"id":783,"href":"http:\/\/www.burgenlandski.net\/wordpress\/wp-json\/wp\/v2\/pages\/48\/revisions\/783"}],"wp:attachment":[{"href":"http:\/\/www.burgenlandski.net\/wordpress\/wp-json\/wp\/v2\/media?parent=48"}],"curies":[{"name":"wp","href":"https:\/\/api.w.org\/{rel}","templated":true}]}}