{"id":50,"date":"2017-11-08T19:15:12","date_gmt":"2017-11-08T18:15:12","guid":{"rendered":"http:\/\/www.burgenlandski.net\/wordpress\/?page_id=50"},"modified":"2018-11-21T23:37:27","modified_gmt":"2018-11-21T22:37:27","slug":"verband","status":"publish","type":"page","link":"http:\/\/www.burgenlandski.net\/wordpress\/verband\/","title":{"rendered":"Verband"},"content":{"rendered":"\t\t<div data-elementor-type=\"wp-page\" data-elementor-id=\"50\" class=\"elementor elementor-50 elementor-bc-flex-widget\" data-elementor-settings=\"[]\">\n\t\t\t\t\t\t<div class=\"elementor-inner\">\n\t\t\t\t\t\t\t<div class=\"elementor-section-wrap\">\n\t\t\t\t\t\t\t<section class=\"elementor-section elementor-top-section elementor-element elementor-element-33b6225 elementor-section-boxed elementor-section-height-default elementor-section-height-default\" data-id=\"33b6225\" data-element_type=\"section\">\n\t\t\t\t\t\t<div class=\"elementor-container elementor-column-gap-default\">\n\t\t\t\t\t\t\t<div class=\"elementor-row\">\n\t\t\t\t\t<div class=\"elementor-column elementor-col-100 elementor-top-column elementor-element elementor-element-761d8c1\" data-id=\"761d8c1\" data-element_type=\"column\">\n\t\t\t<div class=\"elementor-column-wrap elementor-element-populated\">\n\t\t\t\t\t\t\t<div class=\"elementor-widget-wrap\">\n\t\t\t\t\t\t<div class=\"elementor-element elementor-element-94bdb0d elementor-widget elementor-widget-heading\" data-id=\"94bdb0d\" data-element_type=\"widget\" data-widget_type=\"heading.default\">\n\t\t\t\t<div class=\"elementor-widget-container\">\n\t\t\t<h2 class=\"elementor-heading-title elementor-size-default\">Der BSV<\/h2>\t\t<\/div>\n\t\t\t\t<\/div>\n\t\t\t\t<div class=\"elementor-element elementor-element-5acf4a4 elementor-widget elementor-widget-text-editor\" data-id=\"5acf4a4\" data-element_type=\"widget\" data-widget_type=\"text-editor.default\">\n\t\t\t\t<div class=\"elementor-widget-container\">\n\t\t\t\t\t\t\t\t<div class=\"elementor-text-editor elementor-clearfix\">\n\t\t\t\t<p><span style=\"color: #212121; font-family: Arial, sans-serif, serif, EmojiFont;\">Mit Ski Alpin, Grasski, Langlauf, Snowboard, Trainer, Kampfrichter und Ski-Instruktoren \u00a0betreut der Burgenl\u00e4ndisches Skiverband sieben<\/span><span style=\"color: #212121; font-family: Arial, sans-serif, serif, EmojiFont;\">\u00a0verschiedene Referate, die bei Weltcupveranstaltungen, Weltmeisterschaften und Olympischen Spielen viele gro\u00dfartige Erfolge feiern konnten. Dazu kommt das Referat Breitensport mit der Burgenl\u00e4ndischen Skiwoche, dem der Verband ganz besondere Aufmerksamkeit widmet.<\/span><\/p><p><span style=\"color: #212121; font-family: Arial, sans-serif, serif, EmojiFont; orphans: 2;\">Die T\u00e4tigkeit des BSV ist nicht auf Gewinn ausgerichtet, sondern auf die Verfolgung gemeinn\u00fctziger Zwecke. Hauptziel des Verbandes ist die F\u00f6rderung des aktiven Winter- und Grasskisports zum allgemeinen Wohl, zur k\u00f6rperlichen Ausbildung sowie als wesentlicher Beitrag zur Gesundheit.<\/span><span style=\"color: #212121; font-family: Arial, sans-serif, serif, EmojiFont;\"><br \/><\/span><\/p>\t\t\t\t\t<\/div>\n\t\t\t\t\t\t<\/div>\n\t\t\t\t<\/div>\n\t\t\t\t<div class=\"elementor-element elementor-element-32b515d elementor-widget-divider--view-line elementor-widget elementor-widget-divider\" data-id=\"32b515d\" data-element_type=\"widget\" data-widget_type=\"divider.default\">\n\t\t\t\t<div class=\"elementor-widget-container\">\n\t\t\t\t\t<div class=\"elementor-divider\">\n\t\t\t<span class=\"elementor-divider-separator\">\n\t\t\t\t\t\t<\/span>\n\t\t<\/div>\n\t\t\t\t<\/div>\n\t\t\t\t<\/div>\n\t\t\t\t<div class=\"elementor-element elementor-element-d66eb3a elementor-widget elementor-widget-text-editor\" data-id=\"d66eb3a\" data-element_type=\"widget\" data-widget_type=\"text-editor.default\">\n\t\t\t\t<div class=\"elementor-widget-container\">\n\t\t\t\t\t\t\t\t<div class=\"elementor-text-editor elementor-clearfix\">\n\t\t\t\t<div style=\"orphans: 2;\"><span style=\"color: #212121; font-family: Arial, sans-serif, serif, EmojiFont;\">Der Landesskiverband Burgenland<\/span><\/div><ul><li style=\"-webkit-font-smoothing: antialiased; margin-right: 0cm; margin-left: 0cm; font-size: 18pt; font-family: 'Times New Roman', serif; color: #212121; margin-bottom: 3.25pt; orphans: 2;\"><span style=\"color: inherit; -webkit-font-smoothing: antialiased; margin: 0px; padding: 0cm; border: 1pt none windowtext; font-family: Arial, sans-serif, serif, EmojiFont; font-size: 12pt; font-style: inherit; font-variant-caps: inherit; font-stretch: inherit; line-height: inherit; vertical-align: baseline;\">ist ein Fachverband und geh\u00f6rt dem\u00a0<\/span><span style=\"color: inherit; -webkit-font-smoothing: antialiased; margin: 0px; padding: 0px; border: 0px; font-family: Arial, sans-serif, serif, EmojiFont; font-size: 12pt; font-style: inherit; font-variant-caps: inherit; font-stretch: inherit; line-height: inherit; vertical-align: baseline;\"><a style=\"-webkit-font-smoothing: antialiased; margin: 0px; padding: 0px; border: 0px; font-family: inherit; font-size: inherit; font-style: inherit; font-variant-caps: inherit; font-stretch: inherit; line-height: inherit; vertical-align: baseline;\" href=\"http:\/\/www.oesv.at\/\" target=\"_blank\" rel=\"noopener noreferrer\"><span style=\"-webkit-font-smoothing: antialiased; margin: 0px; padding: 0px; border: 0px; font-family: inherit; font-size: inherit; font-style: inherit; font-variant-caps: inherit; font-stretch: inherit; line-height: inherit; vertical-align: baseline; color: windowtext;\">\u00d6sterreichischen Skiverband (\u00d6SV)<\/span><\/a><span style=\"-webkit-font-smoothing: antialiased; margin: 0px; padding: 0cm; border: 1pt none windowtext; font-family: inherit; font-size: inherit; font-style: inherit; font-variant-caps: inherit; font-stretch: inherit; line-height: inherit; vertical-align: baseline; color: inherit;\"><span style=\"-webkit-font-smoothing: antialiased; margin: 0px; padding: 0px; border: 0px; font-family: inherit; font-size: inherit; font-style: inherit; font-variant-caps: inherit; font-stretch: inherit; line-height: inherit; vertical-align: baseline; color: red;\">\u00a0<\/span>an<\/span><\/span><\/li><li style=\"-webkit-font-smoothing: antialiased; margin-right: 0cm; margin-left: 0cm; font-size: 18pt; font-family: 'Times New Roman', serif; color: #212121; margin-bottom: 3.25pt; orphans: 2;\"><span style=\"color: inherit; font-family: Arial, sans-serif, serif, EmojiFont; font-size: 12pt; font-style: inherit; font-variant-caps: inherit;\">wurde im Feber 1970 gegr\u00fcndet und hat seinen Sitz in Oberwart<\/span><\/li><li style=\"-webkit-font-smoothing: antialiased; margin-right: 0cm; margin-left: 0cm; font-size: 18pt; font-family: 'Times New Roman', serif; color: #212121; margin-bottom: 3.25pt; orphans: 2;\"><span style=\"color: inherit; font-family: Arial, sans-serif, serif, EmojiFont; font-size: 12pt; font-style: inherit; font-variant-caps: inherit;\">seine T\u00e4tigkeiten und Zust\u00e4ndigkeitsbereiche erstrecken sich auf das Bundesland Burgenland in den sportlichen Bereichen: Alpinski, Grasski, Langlauf, Snowboard und Breitensport<\/span><\/li><\/ul>\t\t\t\t\t<\/div>\n\t\t\t\t\t\t<\/div>\n\t\t\t\t<\/div>\n\t\t\t\t<div class=\"elementor-element elementor-element-2642a74 elementor-widget elementor-widget-image\" data-id=\"2642a74\" data-element_type=\"widget\" data-widget_type=\"image.default\">\n\t\t\t\t<div class=\"elementor-widget-container\">\n\t\t\t\t\t\t\t\t<div class=\"elementor-image\">\n\t\t\t\t\t\t\t\t\t\t\t\t<img width=\"900\" height=\"160\" src=\"http:\/\/www.burgenlandski.net\/wordpress\/wp-content\/uploads\/2017\/11\/cropped-Ski-Burgenland-Logo-transparent-3-1024x182.png\" class=\"attachment-large size-large\" alt=\"\" loading=\"lazy\" srcset=\"http:\/\/www.burgenlandski.net\/wordpress\/wp-content\/uploads\/2017\/11\/cropped-Ski-Burgenland-Logo-transparent-3-1024x182.png 1024w, http:\/\/www.burgenlandski.net\/wordpress\/wp-content\/uploads\/2017\/11\/cropped-Ski-Burgenland-Logo-transparent-3-300x53.png 300w, http:\/\/www.burgenlandski.net\/wordpress\/wp-content\/uploads\/2017\/11\/cropped-Ski-Burgenland-Logo-transparent-3-768x137.png 768w, http:\/\/www.burgenlandski.net\/wordpress\/wp-content\/uploads\/2017\/11\/cropped-Ski-Burgenland-Logo-transparent-3-1140x204.png 1140w, http:\/\/www.burgenlandski.net\/wordpress\/wp-content\/uploads\/2017\/11\/cropped-Ski-Burgenland-Logo-transparent-3.png 1147w\" sizes=\"(max-width: 900px) 100vw, 900px\" \/>\t\t\t\t\t\t\t\t\t\t\t\t\t\t<\/div>\n\t\t\t\t\t\t<\/div>\n\t\t\t\t<\/div>\n\t\t\t\t\t\t<\/div>\n\t\t\t\t\t<\/div>\n\t\t<\/div>\n\t\t\t\t\t\t\t\t<\/div>\n\t\t\t\t\t<\/div>\n\t\t<\/section>\n\t\t\t\t\t\t<\/div>\n\t\t\t\t\t\t<\/div>\n\t\t\t\t\t<\/div>\n\t\t","protected":false},"excerpt":{"rendered":"<p>Der BSV Mit Ski Alpin, Grasski, Langlauf, Snowboard, Trainer, Kampfrichter und Ski-Instruktoren \u00a0betreut der Burgenl\u00e4ndisches Skiverband sieben\u00a0verschiedene Referate, die bei Weltcupveranstaltungen, Weltmeisterschaften und Olympischen Spielen viele gro\u00dfartige Erfolge feiern konnten.<a class=\"read-more more-link\" href=\"http:\/\/www.burgenlandski.net\/wordpress\/verband\/\">Continue reading<\/a><\/p>\n","protected":false},"author":2,"featured_media":0,"parent":0,"menu_order":0,"comment_status":"closed","ping_status":"closed","template":"","meta":[],"yoast_head":"<!-- This site is optimized with the Yoast SEO plugin v15.4 - https:\/\/yoast.com\/wordpress\/plugins\/seo\/ -->\n<title>Verband<\/title>\n<meta name=\"description\" content=\"Mit Ski Alpin, Grasski, Langlauf, Snowboard, Trainer, Kampfrichter und Ski-Instruktoren betreut der Burgenl\u00e4ndisches Skiverband 7 verschiedene Referate, die bei Weltcupveranstaltungen, Weltmeisterschaften und Olympischen Spielen viele gro\u00dfartige Erfolge feiern konnten.\" \/>\n<meta name=\"robots\" content=\"index, follow, max-snippet:-1, max-image-preview:large, max-video-preview:-1\" \/>\n<link rel=\"canonical\" href=\"http:\/\/www.burgenlandski.net\/wordpress\/verband\/\" \/>\n<meta property=\"og:locale\" content=\"de_DE\" \/>\n<meta property=\"og:type\" content=\"article\" \/>\n<meta property=\"og:title\" content=\"Verband\" \/>\n<meta property=\"og:description\" content=\"Mit Ski Alpin, Grasski, Langlauf, Snowboard, Trainer, Kampfrichter und Ski-Instruktoren betreut der Burgenl\u00e4ndisches Skiverband 7 verschiedene Referate, die bei Weltcupveranstaltungen, Weltmeisterschaften und Olympischen Spielen viele gro\u00dfartige Erfolge feiern konnten.\" \/>\n<meta property=\"og:url\" content=\"http:\/\/www.burgenlandski.net\/wordpress\/verband\/\" \/>\n<meta property=\"og:site_name\" content=\"Ski Burgenland\" \/>\n<meta property=\"article:modified_time\" content=\"2018-11-21T22:37:27+00:00\" \/>\n<meta property=\"og:image\" content=\"http:\/\/www.burgenlandski.net\/wordpress\/wp-content\/uploads\/2017\/11\/cropped-Ski-Burgenland-Logo-transparent-3-1024x182.png\" \/>\n<meta name=\"twitter:card\" content=\"summary\" \/>\n<meta name=\"twitter:label1\" content=\"Verfasst von\">\n\t<meta name=\"twitter:data1\" content=\"Paul Wagner\">\n\t<meta name=\"twitter:label2\" content=\"Gesch\u00e4tzte Lesezeit\">\n\t<meta name=\"twitter:data2\" content=\"1\u00a0Minute\">\n<script type=\"application\/ld+json\" class=\"yoast-schema-graph\">{\"@context\":\"https:\/\/schema.org\",\"@graph\":[{\"@type\":\"WebSite\",\"@id\":\"http:\/\/www.burgenlandski.net\/wordpress\/#website\",\"url\":\"http:\/\/www.burgenlandski.net\/wordpress\/\",\"name\":\"Ski Burgenland\",\"description\":\"Der Burgenl\\u00e4ndische Skiverband\",\"potentialAction\":[{\"@type\":\"SearchAction\",\"target\":\"http:\/\/www.burgenlandski.net\/wordpress\/?s={search_term_string}\",\"query-input\":\"required name=search_term_string\"}],\"inLanguage\":\"de\"},{\"@type\":\"ImageObject\",\"@id\":\"http:\/\/www.burgenlandski.net\/wordpress\/verband\/#primaryimage\",\"inLanguage\":\"de\",\"url\":\"http:\/\/www.burgenlandski.net\/wordpress\/wp-content\/uploads\/2017\/11\/cropped-Ski-Burgenland-Logo-transparent-3.png\",\"width\":1147,\"height\":204},{\"@type\":\"WebPage\",\"@id\":\"http:\/\/www.burgenlandski.net\/wordpress\/verband\/#webpage\",\"url\":\"http:\/\/www.burgenlandski.net\/wordpress\/verband\/\",\"name\":\"Verband\",\"isPartOf\":{\"@id\":\"http:\/\/www.burgenlandski.net\/wordpress\/#website\"},\"primaryImageOfPage\":{\"@id\":\"http:\/\/www.burgenlandski.net\/wordpress\/verband\/#primaryimage\"},\"datePublished\":\"2017-11-08T18:15:12+00:00\",\"dateModified\":\"2018-11-21T22:37:27+00:00\",\"description\":\"Mit Ski Alpin, Grasski, Langlauf, Snowboard, Trainer, Kampfrichter und Ski-Instruktoren betreut der Burgenl\\u00e4ndisches Skiverband 7 verschiedene Referate, die bei Weltcupveranstaltungen, Weltmeisterschaften und Olympischen Spielen viele gro\\u00dfartige Erfolge feiern konnten.\",\"inLanguage\":\"de\",\"potentialAction\":[{\"@type\":\"ReadAction\",\"target\":[\"http:\/\/www.burgenlandski.net\/wordpress\/verband\/\"]}]}]}<\/script>\n<!-- \/ Yoast SEO plugin. -->","_links":{"self":[{"href":"http:\/\/www.burgenlandski.net\/wordpress\/wp-json\/wp\/v2\/pages\/50"}],"collection":[{"href":"http:\/\/www.burgenlandski.net\/wordpress\/wp-json\/wp\/v2\/pages"}],"about":[{"href":"http:\/\/www.burgenlandski.net\/wordpress\/wp-json\/wp\/v2\/types\/page"}],"author":[{"embeddable":true,"href":"http:\/\/www.burgenlandski.net\/wordpress\/wp-json\/wp\/v2\/users\/2"}],"replies":[{"embeddable":true,"href":"http:\/\/www.burgenlandski.net\/wordpress\/wp-json\/wp\/v2\/comments?post=50"}],"version-history":[{"count":5,"href":"http:\/\/www.burgenlandski.net\/wordpress\/wp-json\/wp\/v2\/pages\/50\/revisions"}],"predecessor-version":[{"id":795,"href":"http:\/\/www.burgenlandski.net\/wordpress\/wp-json\/wp\/v2\/pages\/50\/revisions\/795"}],"wp:attachment":[{"href":"http:\/\/www.burgenlandski.net\/wordpress\/wp-json\/wp\/v2\/media?parent=50"}],"curies":[{"name":"wp","href":"https:\/\/api.w.org\/{rel}","templated":true}]}}