{"id":54,"date":"2017-11-08T19:16:14","date_gmt":"2017-11-08T18:16:14","guid":{"rendered":"http:\/\/www.burgenlandski.net\/wordpress\/?page_id=54"},"modified":"2018-04-12T12:08:42","modified_gmt":"2018-04-12T10:08:42","slug":"kampfrichter","status":"publish","type":"page","link":"http:\/\/www.burgenlandski.net\/wordpress\/kampfrichter\/","title":{"rendered":"Kampfrichter"},"content":{"rendered":"\t\t<div data-elementor-type=\"wp-page\" data-elementor-id=\"54\" class=\"elementor elementor-54 elementor-bc-flex-widget\" data-elementor-settings=\"[]\">\n\t\t\t\t\t\t<div class=\"elementor-inner\">\n\t\t\t\t\t\t\t<div class=\"elementor-section-wrap\">\n\t\t\t\t\t\t\t<section class=\"elementor-section elementor-top-section elementor-element elementor-element-032b1c2 elementor-section-boxed elementor-section-height-default elementor-section-height-default\" data-id=\"032b1c2\" data-element_type=\"section\">\n\t\t\t\t\t\t<div class=\"elementor-container elementor-column-gap-default\">\n\t\t\t\t\t\t\t<div class=\"elementor-row\">\n\t\t\t\t\t<div class=\"elementor-column elementor-col-100 elementor-top-column elementor-element elementor-element-0c117c9\" data-id=\"0c117c9\" data-element_type=\"column\">\n\t\t\t<div class=\"elementor-column-wrap elementor-element-populated\">\n\t\t\t\t\t\t\t<div class=\"elementor-widget-wrap\">\n\t\t\t\t\t\t<div class=\"elementor-element elementor-element-facae90 elementor-widget elementor-widget-text-editor\" data-id=\"facae90\" data-element_type=\"widget\" data-widget_type=\"text-editor.default\">\n\t\t\t\t<div class=\"elementor-widget-container\">\n\t\t\t\t\t\t\t\t<div class=\"elementor-text-editor elementor-clearfix\">\n\t\t\t\t<p><span style=\"color: #000000; font-family: Calibri, sans-serif; font-size: 15.333333015441895px;\">Die Kampfrichter sind unverzichtbar f\u00fcr die ordnungsgem\u00e4\u00dfe Durchf\u00fchrung von Vereins- und Rennveranstaltungen.<\/span><\/p>\t\t\t\t\t<\/div>\n\t\t\t\t\t\t<\/div>\n\t\t\t\t<\/div>\n\t\t\t\t<div class=\"elementor-element elementor-element-2022bb2 elementor-widget elementor-widget-heading\" data-id=\"2022bb2\" data-element_type=\"widget\" data-widget_type=\"heading.default\">\n\t\t\t\t<div class=\"elementor-widget-container\">\n\t\t\t<h5 class=\"elementor-heading-title elementor-size-default\">Allgemeine Bestimmungen f\u00fcr Kampfrichter (alpin und nordisch)<\/h5>\t\t<\/div>\n\t\t\t\t<\/div>\n\t\t\t\t<div class=\"elementor-element elementor-element-d418340 elementor-widget elementor-widget-toggle\" data-id=\"d418340\" data-element_type=\"widget\" data-widget_type=\"toggle.default\">\n\t\t\t\t<div class=\"elementor-widget-container\">\n\t\t\t\t\t<div class=\"elementor-toggle\" role=\"tablist\">\n\t\t\t\t\t\t\t<div class=\"elementor-toggle-item\">\n\t\t\t\t\t<h5 id=\"elementor-tab-title-2221\" class=\"elementor-tab-title\" data-tab=\"1\" role=\"tab\" aria-controls=\"elementor-tab-content-2221\" aria-expanded=\"false\">\n\t\t\t\t\t\t\t\t\t\t\t\t<span class=\"elementor-toggle-icon elementor-toggle-icon-right\" aria-hidden=\"true\">\n\t\t\t\t\t\t\t\t\t\t\t\t\t\t\t<i class=\"elementor-toggle-icon-closed fa fa-caret-right\"><\/i>\n\t\t\t\t\t\t\t\t<i class=\"elementor-toggle-icon-opened fa fa-caret-up\"><\/i>\n\t\t\t\t\t\t\t\t\t\t\t\t\t<\/span>\n\t\t\t\t\t\t\t\t\t\t\t\t<a href=\"\" class=\"elementor-toggle-title\">f\u00fcr die allgemeinen Bestimmungen hier klicken<\/a>\n\t\t\t\t\t<\/h5>\n\n\t\t\t\t\t<div id=\"elementor-tab-content-2221\" class=\"elementor-tab-content elementor-clearfix\" data-tab=\"1\" role=\"tabpanel\" aria-labelledby=\"elementor-tab-title-2221\"><p><b style=\"-webkit-font-smoothing: antialiased; color: #212121; font-family: 'Times New Roman', serif;\"><span style=\"-webkit-font-smoothing: antialiased; margin: 0px; padding: 0px; border: 0px; font-family: inherit; font-size: inherit; font-style: inherit; font-variant-caps: inherit; font-weight: inherit; font-stretch: inherit; line-height: inherit; vertical-align: baseline; color: inherit;\">1.1<\/span><\/b><span style=\"-webkit-font-smoothing: antialiased; margin: 0px; padding: 0px; border: 0px; font-family: 'Times New Roman', serif; font-stretch: inherit; line-height: inherit; vertical-align: baseline; color: #212121;\">\u00a0Um eine einwandfreie und den Bestimmungen der \u00d6WO entsprechende Durchf\u00fchrung aller Wettk\u00e4mpfe im \u00d6SV zu gew\u00e4hrleisten, werden alle Funktion\u00e4re, die Aufgaben technischer Natur erledigen sollen, nach entsprechender Anmeldung zu Kampfrichtern ausgebildet und gepr\u00fcft.<br style=\"-webkit-font-smoothing: antialiased;\" \/><br style=\"-webkit-font-smoothing: antialiased;\" \/><b style=\"-webkit-font-smoothing: antialiased;\">1.2<\/b>\u00a0Das gesamte Kampfrichterwesen untersteht dem \u00d6SV-Kampfrichterreferenten, in den Landesverb\u00e4nden den LKR.<br style=\"-webkit-font-smoothing: antialiased;\" \/>Die LKR k\u00f6nnen zur Unterst\u00fctzung in den einzelnen Bezirken oder Regionen innerhalb ihres LSV KR bestellen und diesen bestimmten Aufgaben zuteilen. Diese KR tragen die Bezeichnung &#8222;Gebietskampfrichter&#8220; (GKR).<br style=\"-webkit-font-smoothing: antialiased;\" \/><br style=\"-webkit-font-smoothing: antialiased;\" \/><b style=\"-webkit-font-smoothing: antialiased;\">1.3<\/b>\u00a0Jeder KR und KRA muss Mitglied des \u00d6SV sein, wobei diese Mitgliedschaft bei den j\u00e4hrlich stattfindenden Wiederholungskursen (in der Regel im Herbst) nachzuweisen ist. Nichtmitglieder verlieren die KR Lizenz.<br style=\"-webkit-font-smoothing: antialiased;\" \/><br style=\"-webkit-font-smoothing: antialiased;\" \/><b style=\"-webkit-font-smoothing: antialiased;\">1.4<\/b>\u00a0Die \u00d6SV-KR und KRA sollten sich aus versicherungstechnischen Gr\u00fcnden bei sogenannten &#8222;wilden Rennen&#8220; in keiner Funktion bet\u00e4tigen.<br style=\"-webkit-font-smoothing: antialiased;\" \/><br style=\"-webkit-font-smoothing: antialiased;\" \/><b style=\"-webkit-font-smoothing: antialiased;\">1.5<\/b>\u00a0Jedes \u00d6SV-Mitglied, das sich als KR zur Verf\u00fcgung stellen m\u00f6chte, muss durch seinen Verein dem LKR oder GKR mittels Vordruck schriftlich gemeldet werden. Die Anmeldung muss mit Vereinsstempel und Unterschrift des Sektionsleiters versehen sein. Als Mindestalter f\u00fcr KRA gilt das vollendete 17. Lebensjahr.<br style=\"-webkit-font-smoothing: antialiased;\" \/><br style=\"-webkit-font-smoothing: antialiased;\" \/><b style=\"-webkit-font-smoothing: antialiased;\">1.6<\/b>\u00a0Nach erfolgter Anmeldung erh\u00e4lt der KRA einen KRA-Pass. Er hat dann unter Aufsicht von KR m\u00f6glichst in jeder Funktion, f\u00fcr die kein KR zwingend vorgeschrieben ist, t\u00e4tig zu sein und alle angesetzten Lehrg\u00e4nge, Wiederholungsschulungen u.\u00e4. zu besuchen, im KRAPass einzutragen und best\u00e4tigen zu lassen. Zumindest einmal w\u00e4hrend seiner Ausbildungszeit hat sich der KRA bei einem \u00d6SV-Punkterennen als Assistent des CHKR \u00fcber die volle Veranstaltungsdauer zur Verf\u00fcgung zu stellen. F\u00fcr diese T\u00e4tigkeit geb\u00fchrt dem KRA keine Entsch\u00e4digung. Der CHKR hat \u00fcber die T\u00e4tigkeit des Assistenten eine Beurteilung auszustellen und dem LKR mit dem Veranstaltungsbericht einzusenden. Nach mindestens drei Eins\u00e4tzen und wenn alle oben angef\u00fchrten Erfordernisse erf\u00fcllt wurden, kann der KRA zur KR-Pr\u00fcfung antreten.<br style=\"-webkit-font-smoothing: antialiased;\" \/><br style=\"-webkit-font-smoothing: antialiased;\" \/><b style=\"-webkit-font-smoothing: antialiased;\">1.7<\/b>\u00a0Nach erfolgreich abgelegter Pr\u00fcfung wird der KRA zum KR ernannt. Er erh\u00e4lt das Diplom, das KR-Abzeichen und bei jeder KR Info eine g\u00fcltige Jahresmarke.<br style=\"-webkit-font-smoothing: antialiased;\" \/><br style=\"-webkit-font-smoothing: antialiased;\" \/><b style=\"-webkit-font-smoothing: antialiased;\">1.8<\/b>\u00a0KRA, welche zweimal ohne Entschuldigung einer Einladung zur Ablegung der KR Pr\u00fcfung nicht Folge geleistet haben, werden aus der Anw\u00e4rterliste gestrichen. Eine Wiederaufnahme als KRA kann nur \u00fcber neuerlichen Antrag erfolgen. Sollte der nicht wahrgenommene Pr\u00fcfungstermin weniger als drei Jahre zur\u00fcckliegen, kann eine neuerliche Pr\u00fcfung nach einem weiteren &#8222;Praxiswinter&#8220; abgelegt werden.<br style=\"-webkit-font-smoothing: antialiased;\" \/><br style=\"-webkit-font-smoothing: antialiased;\" \/><b style=\"-webkit-font-smoothing: antialiased;\">1.9<\/b>\u00a0J\u00e4hrlich mindestens einmal hat der LKR Wiederholungslehrg\u00e4nge f\u00fcr alle KR und KRA auszuschreiben, wobei die Teilnahme an diesen Lehrg\u00e4ngen f\u00fcr alle KR und KRA verpflichtend ist. Ein KR kann sich innerhalb eines Zeitraumes von 3 Jahren h\u00f6chstens einmal f\u00fcr einen solchen Lehrgang entschuldigen. Fehlt er innerhalb dieses Zeitraumes \u00f6fter als einmal, so ist er aus der KR-Kartei zu streichen. Eine Wiederaufnahme als KR ist innerhalb von 3 Jahren nach Ablegung einer m\u00fcndlichen Teilpr\u00fcfung m\u00f6glich. Bei l\u00e4ngerer Absenz kann er erst dann wieder als KR gef\u00fchrt werden, wenn er nochmals die gesamte Pr\u00fcfung (schriftlich und m\u00fcndlich) ablegt.<br style=\"-webkit-font-smoothing: antialiased;\" \/><br style=\"-webkit-font-smoothing: antialiased;\" \/><b style=\"-webkit-font-smoothing: antialiased;\">1.10<\/b>\u00a0Die Termine f\u00fcr alle Lehrg\u00e4nge, Schulungen und Pr\u00fcfungen werden vom LKR ausgeschrieben. Ein Exemplar dieser Ausschreibung ist dem \u00d6SV-KR-Referenten zu senden. Dieser hat das Recht, an diesen Lehrg\u00e4ngen oder Pr\u00fcfungen teilzunehmen oder einen Vertreter dazu zu entsenden.<br style=\"-webkit-font-smoothing: antialiased;\" \/><br style=\"-webkit-font-smoothing: antialiased;\" \/><b style=\"-webkit-font-smoothing: antialiased;\">1.11<\/b>\u00a0Als Grundlage der Lehrg\u00e4nge und Pr\u00fcfungen dienen ausschlie\u00dflich die Bestimmungen dieser \u00d6WO.<br style=\"-webkit-font-smoothing: antialiased;\" \/><br style=\"-webkit-font-smoothing: antialiased;\" \/><b style=\"-webkit-font-smoothing: antialiased;\">1.12<\/b>\u00a0KR, die das 60. Lebensjahr vollendet haben und eine mindestens zehnj\u00e4hrige, l\u00fcckenlose KR-T\u00e4tigkeit nachweisen k\u00f6nnen, sind von der Pflicht enthoben, Eins\u00e4tze nachweisen zu m\u00fcssen. Sie k\u00f6nnen weiter mitarbeiten und behalten das KR-Abzeichen auf Lebenszeit.<br style=\"-webkit-font-smoothing: antialiased;\" \/><br style=\"-webkit-font-smoothing: antialiased;\" \/><b style=\"-webkit-font-smoothing: antialiased;\">1.13<\/b>\u00a0Wer eine 25-j\u00e4hrige bzw. 40-j\u00e4hrige T\u00e4tigkeit als KR nachweisen kann, erh\u00e4lt auf Antrag des LKR das entsprechende Abzeichen sowie das dazugeh\u00f6rige Diplom.<br style=\"-webkit-font-smoothing: antialiased;\" \/><br style=\"-webkit-font-smoothing: antialiased;\" \/><b style=\"-webkit-font-smoothing: antialiased;\">1.14<\/b>\u00a0Im KR-Pass d\u00fcrfen nur jene Verbandsveranstaltungen eingetragen und vom CHKR der jeweiligen Veranstaltung best\u00e4tigt werden, die mittels Wettkampfantrag angemeldet wurden und im Terminkalender der LSV aufscheinen. Weiters werden als Einsatz, Vereinsmeisterschaften sowie Ortsjugend- und Sch\u00fclertage, anerkannt, sofern sie nach den Bestimmungen dieser \u00d6WO durchgef\u00fchrt wurden.<br style=\"-webkit-font-smoothing: antialiased;\" \/><br style=\"-webkit-font-smoothing: antialiased;\" \/><b style=\"-webkit-font-smoothing: antialiased;\">1.15<\/b>\u00a0Die g\u00fcltige Jahresmarke wird beim Schulungsbesuch ausgegeben und auf die \u00d6SV Mitgliedskarte (KR Pass) geklebt.<br style=\"-webkit-font-smoothing: antialiased;\" \/><br style=\"-webkit-font-smoothing: antialiased;\" \/><b style=\"-webkit-font-smoothing: antialiased;\">1.16<\/b>\u00a0Alle KR und KRA sind verpflichtet, ev. eingetretene \u00c4nderungen (Vereinswechsel, Wohnungsanschrift, Telefonnummer, Namens\u00e4nderung etc.) sofort dem LKR oder GKR schriftlich mitzuteilen.<br style=\"-webkit-font-smoothing: antialiased;\" \/><br style=\"-webkit-font-smoothing: antialiased;\" \/><b style=\"-webkit-font-smoothing: antialiased;\">1.17<\/b>\u00a0KR, die den an sie gestellten Anforderungen nicht entsprechen, Verst\u00f6\u00dfe gegen die Bestimmungen der \u00d6WO dulden, nicht mindestens 2 Eins\u00e4tze in einer Saison nachweisen k\u00f6nnen (Schulungen und Wiederholungslehrg\u00e4nge z\u00e4hlen nicht als Einsatz in diesem Sinn) oder die Wiederholungskurse nicht besuchen, werden aus der KR-Liste gestrichen.<br style=\"-webkit-font-smoothing: antialiased;\" \/><br style=\"-webkit-font-smoothing: antialiased;\" \/><b style=\"-webkit-font-smoothing: antialiased;\">1.18<\/b>\u00a0KR, die vom GKR, vom LKR oder vom \u00d6SV-KR Referenten bzw. auf Ersuchen eines Veranstalters zu einem Wettkampf entsandt werden, haben Anspruch auf die Verg\u00fctung von Fahrtspesen, Unterkunfts- und Verpflegungskosten, sonstigen Barauslagen sowie auf die von der \u00d6SV-Pr\u00e4sidentenkonferenz festgesetzte KR-Geb\u00fchr. Siehe \u00d6SV-Geb\u00fchrentabelle im \u00d6W\u00d6-Zusatz und im Handbuch des jeweiligen LSV.<\/span><\/p><\/div>\n\t\t\t\t<\/div>\n\t\t\t\t\t\t\t\t<\/div>\n\t\t\t\t<\/div>\n\t\t\t\t<\/div>\n\t\t\t\t\t\t<\/div>\n\t\t\t\t\t<\/div>\n\t\t<\/div>\n\t\t\t\t\t\t\t\t<\/div>\n\t\t\t\t\t<\/div>\n\t\t<\/section>\n\t\t\t\t\t\t<\/div>\n\t\t\t\t\t\t<\/div>\n\t\t\t\t\t<\/div>\n\t\t","protected":false},"excerpt":{"rendered":"<p>Die Kampfrichter sind unverzichtbar f\u00fcr die ordnungsgem\u00e4\u00dfe Durchf\u00fchrung von Vereins- und Rennveranstaltungen. Allgemeine Bestimmungen f\u00fcr Kampfrichter (alpin und nordisch) f\u00fcr die allgemeinen Bestimmungen hier klicken 1.1\u00a0Um eine einwandfreie und den<a class=\"read-more more-link\" href=\"http:\/\/www.burgenlandski.net\/wordpress\/kampfrichter\/\">Continue reading<\/a><\/p>\n","protected":false},"author":2,"featured_media":0,"parent":0,"menu_order":0,"comment_status":"closed","ping_status":"closed","template":"","meta":[],"yoast_head":"<!-- This site is optimized with the Yoast SEO plugin v15.4 - https:\/\/yoast.com\/wordpress\/plugins\/seo\/ -->\n<title>Kampfrichter des Burgenl\u00e4ndischen Skiverbandes<\/title>\n<meta name=\"description\" content=\"Die Kampfrichter sind unverzichtbar f\u00fcr die ordnungsgem\u00e4\u00dfe Durchf\u00fchrung von Vereins- und Rennveranstaltungen. Hier finden Sie au\u00dferdem die allgemeinen Bestimmungen f\u00fcr die alpinen und nordischen Kampfrichter f\u00fcr die Saison 2017\/2018.\" \/>\n<meta name=\"robots\" content=\"index, follow, max-snippet:-1, max-image-preview:large, max-video-preview:-1\" \/>\n<link rel=\"canonical\" href=\"http:\/\/www.burgenlandski.net\/wordpress\/kampfrichter\/\" \/>\n<meta property=\"og:locale\" content=\"de_DE\" \/>\n<meta property=\"og:type\" content=\"article\" \/>\n<meta property=\"og:title\" content=\"Kampfrichter des Burgenl\u00e4ndischen Skiverbandes\" \/>\n<meta property=\"og:description\" content=\"Die Kampfrichter sind unverzichtbar f\u00fcr die ordnungsgem\u00e4\u00dfe Durchf\u00fchrung von Vereins- und Rennveranstaltungen. Hier finden Sie au\u00dferdem die allgemeinen Bestimmungen f\u00fcr die alpinen und nordischen Kampfrichter f\u00fcr die Saison 2017\/2018.\" \/>\n<meta property=\"og:url\" content=\"http:\/\/www.burgenlandski.net\/wordpress\/kampfrichter\/\" \/>\n<meta property=\"og:site_name\" content=\"Ski Burgenland\" \/>\n<meta property=\"article:modified_time\" content=\"2018-04-12T10:08:42+00:00\" \/>\n<meta name=\"twitter:card\" content=\"summary\" \/>\n<meta name=\"twitter:label1\" content=\"Verfasst von\">\n\t<meta name=\"twitter:data1\" content=\"Paul Wagner\">\n\t<meta name=\"twitter:label2\" content=\"Gesch\u00e4tzte Lesezeit\">\n\t<meta name=\"twitter:data2\" content=\"3\u00a0Minuten\">\n<script type=\"application\/ld+json\" class=\"yoast-schema-graph\">{\"@context\":\"https:\/\/schema.org\",\"@graph\":[{\"@type\":\"WebSite\",\"@id\":\"http:\/\/www.burgenlandski.net\/wordpress\/#website\",\"url\":\"http:\/\/www.burgenlandski.net\/wordpress\/\",\"name\":\"Ski Burgenland\",\"description\":\"Der Burgenl\\u00e4ndische Skiverband\",\"potentialAction\":[{\"@type\":\"SearchAction\",\"target\":\"http:\/\/www.burgenlandski.net\/wordpress\/?s={search_term_string}\",\"query-input\":\"required name=search_term_string\"}],\"inLanguage\":\"de\"},{\"@type\":\"WebPage\",\"@id\":\"http:\/\/www.burgenlandski.net\/wordpress\/kampfrichter\/#webpage\",\"url\":\"http:\/\/www.burgenlandski.net\/wordpress\/kampfrichter\/\",\"name\":\"Kampfrichter des Burgenl\\u00e4ndischen Skiverbandes\",\"isPartOf\":{\"@id\":\"http:\/\/www.burgenlandski.net\/wordpress\/#website\"},\"datePublished\":\"2017-11-08T18:16:14+00:00\",\"dateModified\":\"2018-04-12T10:08:42+00:00\",\"description\":\"Die Kampfrichter sind unverzichtbar f\\u00fcr die ordnungsgem\\u00e4\\u00dfe Durchf\\u00fchrung von Vereins- und Rennveranstaltungen. Hier finden Sie au\\u00dferdem die allgemeinen Bestimmungen f\\u00fcr die alpinen und nordischen Kampfrichter f\\u00fcr die Saison 2017\/2018.\",\"inLanguage\":\"de\",\"potentialAction\":[{\"@type\":\"ReadAction\",\"target\":[\"http:\/\/www.burgenlandski.net\/wordpress\/kampfrichter\/\"]}]}]}<\/script>\n<!-- \/ Yoast SEO plugin. -->","_links":{"self":[{"href":"http:\/\/www.burgenlandski.net\/wordpress\/wp-json\/wp\/v2\/pages\/54"}],"collection":[{"href":"http:\/\/www.burgenlandski.net\/wordpress\/wp-json\/wp\/v2\/pages"}],"about":[{"href":"http:\/\/www.burgenlandski.net\/wordpress\/wp-json\/wp\/v2\/types\/page"}],"author":[{"embeddable":true,"href":"http:\/\/www.burgenlandski.net\/wordpress\/wp-json\/wp\/v2\/users\/2"}],"replies":[{"embeddable":true,"href":"http:\/\/www.burgenlandski.net\/wordpress\/wp-json\/wp\/v2\/comments?post=54"}],"version-history":[{"count":5,"href":"http:\/\/www.burgenlandski.net\/wordpress\/wp-json\/wp\/v2\/pages\/54\/revisions"}],"predecessor-version":[{"id":782,"href":"http:\/\/www.burgenlandski.net\/wordpress\/wp-json\/wp\/v2\/pages\/54\/revisions\/782"}],"wp:attachment":[{"href":"http:\/\/www.burgenlandski.net\/wordpress\/wp-json\/wp\/v2\/media?parent=54"}],"curies":[{"name":"wp","href":"https:\/\/api.w.org\/{rel}","templated":true}]}}