{"id":79,"date":"2017-11-08T19:39:44","date_gmt":"2017-11-08T18:39:44","guid":{"rendered":"http:\/\/www.burgenlandski.net\/wordpress\/?page_id=79"},"modified":"2020-09-16T09:47:38","modified_gmt":"2020-09-16T07:47:38","slug":"ausbildung","status":"publish","type":"page","link":"http:\/\/www.burgenlandski.net\/wordpress\/ski-instruktoren\/ausbildung\/","title":{"rendered":"Ausbildung"},"content":{"rendered":"\t\t<div data-elementor-type=\"wp-page\" data-elementor-id=\"79\" class=\"elementor elementor-79 elementor-bc-flex-widget\" data-elementor-settings=\"[]\">\n\t\t\t\t\t\t<div class=\"elementor-inner\">\n\t\t\t\t\t\t\t<div class=\"elementor-section-wrap\">\n\t\t\t\t\t\t\t<section class=\"elementor-section elementor-top-section elementor-element elementor-element-7edc72c elementor-section-boxed elementor-section-height-default elementor-section-height-default\" data-id=\"7edc72c\" data-element_type=\"section\">\n\t\t\t\t\t\t<div class=\"elementor-container elementor-column-gap-default\">\n\t\t\t\t\t\t\t<div class=\"elementor-row\">\n\t\t\t\t\t<div class=\"elementor-column elementor-col-100 elementor-top-column elementor-element elementor-element-aef6e7d\" data-id=\"aef6e7d\" data-element_type=\"column\">\n\t\t\t<div class=\"elementor-column-wrap elementor-element-populated\">\n\t\t\t\t\t\t\t<div class=\"elementor-widget-wrap\">\n\t\t\t\t\t\t<div class=\"elementor-element elementor-element-8cccc38 elementor-widget elementor-widget-text-editor\" data-id=\"8cccc38\" data-element_type=\"widget\" data-widget_type=\"text-editor.default\">\n\t\t\t\t<div class=\"elementor-widget-container\">\n\t\t\t\t\t\t\t\t<div class=\"elementor-text-editor elementor-clearfix\">\n\t\t\t\t<p><strong>Wie werde ich \u00d6SV\u2013Skiinstruktor?\u00a0<\/strong><\/p><p>Die Skiinstruktorenausbildung ist gesetzlich geregelt. Die Alpinausbildung erfolgt ausschlie\u00dflich durch die Bundessportakademie in Wien. Die Langlaufausbildung wird von allen vier Bundessportakademien angeboten (Wien, Linz, Innsbruck, Graz).<\/p><ul><li>Alpin: Ausbildung auf zwei Semester aufgeteilt (2 x 14 Tage)<\/li><li>Langlauf: Die Langlaufausbildung dauert 2 x 1 Woche (Beide Ausbildungen schlie\u00dfen mit einer staatlichen Pr\u00fcfung ab)<\/li><\/ul><p><span style=\"text-decoration: underline;\">Voraussetzungen<\/span><\/p><ol><li>Mindestalter bei der Abschlusspr\u00fcfung: 18 Jahre<\/li><li>\u00d6SV Mitgliedschaft bei einem \u00d6SV-Verein<\/li><li>K\u00f6rperliche und p\u00e4dagogische Eignung (\u00e4rztliches Attest nicht \u00e4lter als sechs Monate)<\/li><li>Eignungspr\u00fcfung Alpin oder Nordisch<\/li><\/ol><p>Der \u00d6SV bietet allj\u00e4hrlich kostenlose staatliche Ausbildungen f\u00fcr talentierte Skifahrer an.<\/p><p>N\u00e4here Informationen erhalten Sie beim zust\u00e4ndigen Landesinstruktor oder \u00d6SV-Referat Lehrwesen.<\/p><p>Die \u00f6sterreichische Skiinstruktorausbildung hat national, aber auch international einen sehr guten Ruf und es lohnt sich &#8222;\u00d6SV Skiinstruktor &#8220; zu werden.<\/p>\t\t\t\t\t<\/div>\n\t\t\t\t\t\t<\/div>\n\t\t\t\t<\/div>\n\t\t\t\t<div class=\"elementor-element elementor-element-da94305 elementor-widget elementor-widget-image\" data-id=\"da94305\" data-element_type=\"widget\" data-widget_type=\"image.default\">\n\t\t\t\t<div class=\"elementor-widget-container\">\n\t\t\t\t\t\t\t\t<div class=\"elementor-image\">\n\t\t\t\t\t\t\t\t\t\t\t\t\t<a href=\"https:\/\/www.oesv.at\/ausbildungen\/oesvinstruktor\/skiinstruktor\/skiinstruktorwerden.php\">\n\t\t\t\t\t\t\t<img width=\"133\" height=\"54\" src=\"http:\/\/www.burgenlandski.net\/wordpress\/wp-content\/uploads\/2018\/03\/instruktor.jpg\" class=\"attachment-full size-full\" alt=\"\" loading=\"lazy\" \/>\t\t\t\t\t\t\t\t<\/a>\n\t\t\t\t\t\t\t\t\t\t\t\t\t\t<\/div>\n\t\t\t\t\t\t<\/div>\n\t\t\t\t<\/div>\n\t\t\t\t\t\t<\/div>\n\t\t\t\t\t<\/div>\n\t\t<\/div>\n\t\t\t\t\t\t\t\t<\/div>\n\t\t\t\t\t<\/div>\n\t\t<\/section>\n\t\t\t\t\t\t<\/div>\n\t\t\t\t\t\t<\/div>\n\t\t\t\t\t<\/div>\n\t\t","protected":false},"excerpt":{"rendered":"<p>Wie werde ich \u00d6SV\u2013Skiinstruktor?&nbsp; Die Skiinstruktorenausbildung ist gesetzlich geregelt. Die Alpinausbildung erfolgt ausschlie\u00dflich durch die Bundessportakademie in Wien. Die Langlaufausbildung wird von allen vier Bundessportakademien angeboten (Wien, Linz, Innsbruck, Graz).<a class=\"read-more more-link\" href=\"http:\/\/www.burgenlandski.net\/wordpress\/ski-instruktoren\/ausbildung\/\">Continue reading<\/a><\/p>\n","protected":false},"author":2,"featured_media":0,"parent":40,"menu_order":0,"comment_status":"closed","ping_status":"closed","template":"","meta":[],"yoast_head":"<!-- This site is optimized with the Yoast SEO plugin v15.4 - https:\/\/yoast.com\/wordpress\/plugins\/seo\/ -->\n<title>Ausbildung zum \u00d6SV-Skiinstruktor \u00fcber den Burgenl\u00e4ndischen Skiverband<\/title>\n<meta name=\"description\" content=\"Der \u00d6SV bietet allj\u00e4hrlich kostenlose staatliche Ausbildungen f\u00fcr talentierte Skifahrer an und die Skiinstruktorenausbildung ist gesetzlich geregelt. Die Alpinausbildung erfolgt ausschlie\u00dflich durch die Bundessportakademie in Wien und die Langlaufausbildung wird von allen vier Bundessportakademien angeboten.\" \/>\n<meta name=\"robots\" content=\"index, follow, max-snippet:-1, max-image-preview:large, max-video-preview:-1\" \/>\n<link rel=\"canonical\" href=\"http:\/\/www.burgenlandski.net\/wordpress\/ski-instruktoren\/ausbildung\/\" \/>\n<meta property=\"og:locale\" content=\"de_DE\" \/>\n<meta property=\"og:type\" content=\"article\" \/>\n<meta property=\"og:title\" content=\"Ausbildung zum \u00d6SV-Skiinstruktor \u00fcber den Burgenl\u00e4ndischen Skiverband\" \/>\n<meta property=\"og:description\" content=\"Der \u00d6SV bietet allj\u00e4hrlich kostenlose staatliche Ausbildungen f\u00fcr talentierte Skifahrer an und die Skiinstruktorenausbildung ist gesetzlich geregelt. Die Alpinausbildung erfolgt ausschlie\u00dflich durch die Bundessportakademie in Wien und die Langlaufausbildung wird von allen vier Bundessportakademien angeboten.\" \/>\n<meta property=\"og:url\" content=\"http:\/\/www.burgenlandski.net\/wordpress\/ski-instruktoren\/ausbildung\/\" \/>\n<meta property=\"og:site_name\" content=\"Ski Burgenland\" \/>\n<meta property=\"article:modified_time\" content=\"2020-09-16T07:47:38+00:00\" \/>\n<meta property=\"og:image\" content=\"http:\/\/www.burgenlandski.net\/wordpress\/wp-content\/uploads\/2018\/03\/instruktor.jpg\" \/>\n<meta name=\"twitter:card\" content=\"summary\" \/>\n<meta name=\"twitter:label1\" content=\"Verfasst von\">\n\t<meta name=\"twitter:data1\" content=\"Paul Wagner\">\n\t<meta name=\"twitter:label2\" content=\"Gesch\u00e4tzte Lesezeit\">\n\t<meta name=\"twitter:data2\" content=\"1\u00a0Minute\">\n<script type=\"application\/ld+json\" class=\"yoast-schema-graph\">{\"@context\":\"https:\/\/schema.org\",\"@graph\":[{\"@type\":\"WebSite\",\"@id\":\"http:\/\/www.burgenlandski.net\/wordpress\/#website\",\"url\":\"http:\/\/www.burgenlandski.net\/wordpress\/\",\"name\":\"Ski Burgenland\",\"description\":\"Der Burgenl\\u00e4ndische Skiverband\",\"potentialAction\":[{\"@type\":\"SearchAction\",\"target\":\"http:\/\/www.burgenlandski.net\/wordpress\/?s={search_term_string}\",\"query-input\":\"required name=search_term_string\"}],\"inLanguage\":\"de\"},{\"@type\":\"ImageObject\",\"@id\":\"http:\/\/www.burgenlandski.net\/wordpress\/ski-instruktoren\/ausbildung\/#primaryimage\",\"inLanguage\":\"de\",\"url\":\"http:\/\/www.burgenlandski.net\/wordpress\/wp-content\/uploads\/2018\/03\/instruktor.jpg\",\"width\":133,\"height\":54},{\"@type\":\"WebPage\",\"@id\":\"http:\/\/www.burgenlandski.net\/wordpress\/ski-instruktoren\/ausbildung\/#webpage\",\"url\":\"http:\/\/www.burgenlandski.net\/wordpress\/ski-instruktoren\/ausbildung\/\",\"name\":\"Ausbildung zum \\u00d6SV-Skiinstruktor \\u00fcber den Burgenl\\u00e4ndischen Skiverband\",\"isPartOf\":{\"@id\":\"http:\/\/www.burgenlandski.net\/wordpress\/#website\"},\"primaryImageOfPage\":{\"@id\":\"http:\/\/www.burgenlandski.net\/wordpress\/ski-instruktoren\/ausbildung\/#primaryimage\"},\"datePublished\":\"2017-11-08T18:39:44+00:00\",\"dateModified\":\"2020-09-16T07:47:38+00:00\",\"description\":\"Der \\u00d6SV bietet allj\\u00e4hrlich kostenlose staatliche Ausbildungen f\\u00fcr talentierte Skifahrer an und die Skiinstruktorenausbildung ist gesetzlich geregelt. Die Alpinausbildung erfolgt ausschlie\\u00dflich durch die Bundessportakademie in Wien und die Langlaufausbildung wird von allen vier Bundessportakademien angeboten.\",\"inLanguage\":\"de\",\"potentialAction\":[{\"@type\":\"ReadAction\",\"target\":[\"http:\/\/www.burgenlandski.net\/wordpress\/ski-instruktoren\/ausbildung\/\"]}]}]}<\/script>\n<!-- \/ Yoast SEO plugin. -->","_links":{"self":[{"href":"http:\/\/www.burgenlandski.net\/wordpress\/wp-json\/wp\/v2\/pages\/79"}],"collection":[{"href":"http:\/\/www.burgenlandski.net\/wordpress\/wp-json\/wp\/v2\/pages"}],"about":[{"href":"http:\/\/www.burgenlandski.net\/wordpress\/wp-json\/wp\/v2\/types\/page"}],"author":[{"embeddable":true,"href":"http:\/\/www.burgenlandski.net\/wordpress\/wp-json\/wp\/v2\/users\/2"}],"replies":[{"embeddable":true,"href":"http:\/\/www.burgenlandski.net\/wordpress\/wp-json\/wp\/v2\/comments?post=79"}],"version-history":[{"count":4,"href":"http:\/\/www.burgenlandski.net\/wordpress\/wp-json\/wp\/v2\/pages\/79\/revisions"}],"predecessor-version":[{"id":1592,"href":"http:\/\/www.burgenlandski.net\/wordpress\/wp-json\/wp\/v2\/pages\/79\/revisions\/1592"}],"up":[{"embeddable":true,"href":"http:\/\/www.burgenlandski.net\/wordpress\/wp-json\/wp\/v2\/pages\/40"}],"wp:attachment":[{"href":"http:\/\/www.burgenlandski.net\/wordpress\/wp-json\/wp\/v2\/media?parent=79"}],"curies":[{"name":"wp","href":"https:\/\/api.w.org\/{rel}","templated":true}]}}